{"id":12104,"date":"2024-10-16T13:11:12","date_gmt":"2024-10-16T13:11:12","guid":{"rendered":"https:\/\/labastide.info\/boletin-de-bienvenida\/"},"modified":"2024-10-31T20:24:16","modified_gmt":"2024-10-31T20:24:16","slug":"boletin-de-bienvenida","status":"publish","type":"page","link":"https:\/\/labastide.info\/es\/boletin-de-bienvenida\/","title":{"rendered":"Bolet\u00edn de bienvenida"},"content":{"rendered":"\t\t<div data-elementor-type=\"wp-page\" data-elementor-id=\"12104\" class=\"elementor elementor-12104 elementor-11856\" data-elementor-post-type=\"page\">\n\t\t\t\t<div class=\"elementor-element elementor-element-b87e7ed e-con-full e-flex e-con e-parent\" data-id=\"b87e7ed\" data-element_type=\"container\" data-e-type=\"container\">\n\t\t\t\t<div class=\"elementor-element elementor-element-c6aabe3 elementor-widget elementor-widget-image\" data-id=\"c6aabe3\" data-element_type=\"widget\" data-e-type=\"widget\" data-widget_type=\"image.default\">\n\t\t\t\t<div class=\"elementor-widget-container\">\n\t\t\t\t\t\t\t\t\t\t\t\t\t\t\t<img fetchpriority=\"high\" decoding=\"async\" width=\"1920\" height=\"600\" src=\"https:\/\/labastide.info\/wp-content\/uploads\/2024\/06\/GRUPPEN_BANNER.jpg\" class=\"attachment-full size-full wp-image-10401\" alt=\"\" srcset=\"https:\/\/labastide.info\/wp-content\/uploads\/2024\/06\/GRUPPEN_BANNER.jpg 1920w, https:\/\/labastide.info\/wp-content\/uploads\/2024\/06\/GRUPPEN_BANNER-300x94.jpg 300w, https:\/\/labastide.info\/wp-content\/uploads\/2024\/06\/GRUPPEN_BANNER-1024x320.jpg 1024w, https:\/\/labastide.info\/wp-content\/uploads\/2024\/06\/GRUPPEN_BANNER-768x240.jpg 768w, https:\/\/labastide.info\/wp-content\/uploads\/2024\/06\/GRUPPEN_BANNER-1536x480.jpg 1536w\" sizes=\"(max-width: 1920px) 100vw, 1920px\" \/>\t\t\t\t\t\t\t\t\t\t\t\t\t\t\t<\/div>\n\t\t\t\t<\/div>\n\t\t\t\t<\/div>\n\t\t<div class=\"elementor-element elementor-element-4418b5d e-flex e-con-boxed e-con e-parent\" data-id=\"4418b5d\" data-element_type=\"container\" data-e-type=\"container\">\n\t\t\t\t\t<div class=\"e-con-inner\">\n\t\t\t\t<div class=\"elementor-element elementor-element-5ca4cad elementor-widget elementor-widget-spacer\" data-id=\"5ca4cad\" data-element_type=\"widget\" data-e-type=\"widget\" data-widget_type=\"spacer.default\">\n\t\t\t\t<div class=\"elementor-widget-container\">\n\t\t\t\t\t\t\t<div class=\"elementor-spacer\">\n\t\t\t<div class=\"elementor-spacer-inner\"><\/div>\n\t\t<\/div>\n\t\t\t\t\t\t<\/div>\n\t\t\t\t<\/div>\n\t\t\t\t\t<\/div>\n\t\t\t\t<\/div>\n\t\t<div class=\"elementor-element elementor-element-1485f1b e-flex e-con-boxed e-con e-parent\" data-id=\"1485f1b\" data-element_type=\"container\" data-e-type=\"container\">\n\t\t\t\t\t<div class=\"e-con-inner\">\n\t\t\t\t<div class=\"elementor-element elementor-element-30b3bcd elementor-widget elementor-widget-heading\" data-id=\"30b3bcd\" data-element_type=\"widget\" data-e-type=\"widget\" data-widget_type=\"heading.default\">\n\t\t\t\t<div class=\"elementor-widget-container\">\n\t\t\t\t\t<h1 class=\"elementor-heading-title elementor-size-default\">\u00a1Una c\u00e1lida bienvenida!<\/h1>\t\t\t\t<\/div>\n\t\t\t\t<\/div>\n\t\t\t\t\t<\/div>\n\t\t\t\t<\/div>\n\t\t<div class=\"elementor-element elementor-element-350e608 e-flex e-con-boxed e-con e-parent\" data-id=\"350e608\" data-element_type=\"container\" data-e-type=\"container\">\n\t\t\t\t\t<div class=\"e-con-inner\">\n\t\t\t\t<div class=\"elementor-element elementor-element-685b16e elementor-widget elementor-widget-spacer\" data-id=\"685b16e\" data-element_type=\"widget\" data-e-type=\"widget\" data-widget_type=\"spacer.default\">\n\t\t\t\t<div class=\"elementor-widget-container\">\n\t\t\t\t\t\t\t<div class=\"elementor-spacer\">\n\t\t\t<div class=\"elementor-spacer-inner\"><\/div>\n\t\t<\/div>\n\t\t\t\t\t\t<\/div>\n\t\t\t\t<\/div>\n\t\t\t\t\t<\/div>\n\t\t\t\t<\/div>\n\t\t<div class=\"elementor-element elementor-element-869a8e3 e-flex e-con-boxed e-con e-parent\" data-id=\"869a8e3\" data-element_type=\"container\" data-e-type=\"container\">\n\t\t\t\t\t<div class=\"e-con-inner\">\n\t\t\t\t<div class=\"elementor-element elementor-element-217b167 elementor-widget elementor-widget-text-editor\" data-id=\"217b167\" data-element_type=\"widget\" data-e-type=\"widget\" data-widget_type=\"text-editor.default\">\n\t\t\t\t<div class=\"elementor-widget-container\">\n\t\t\t\t\t\t\t\t\t<p>\u00a1Me alegro de que formes parte de nuestra comunidad Bastide!  <\/p>\n<p>Acabamos de enviarte un correo electr\u00f3nico de confirmaci\u00f3n para asegurarnos de que todo est\u00e1 correcto. Haz clic en el enlace del correo electr\u00f3nico para finalizar tu inscripci\u00f3n. Si no ves el correo electr\u00f3nico inmediatamente, comprueba tu carpeta de correo no deseado para estar seguro.  <\/p>\n<p>A partir de ahora, te mantendremos al d\u00eda con noticias interesantes, consejos y ofertas exclusivas. Si tienes alguna pregunta o quieres cambiar tus intereses m\u00e1s adelante, puedes ponerte en contacto con nosotros en cualquier momento. <\/p>\n<p>Bienvenido al mundo Bastide, \u00a1estamos deseando intercambiar ideas contigo!<\/p>\n<p>Saludos cordiales<\/p>\n<p>Michaela &amp; Peter<\/p>\n\t\t\t\t\t\t\t\t<\/div>\n\t\t\t\t<\/div>\n\t\t\t\t\t<\/div>\n\t\t\t\t<\/div>\n\t\t<div class=\"elementor-element elementor-element-12ad828 e-flex e-con-boxed e-con e-parent\" data-id=\"12ad828\" data-element_type=\"container\" data-e-type=\"container\">\n\t\t\t\t\t<div class=\"e-con-inner\">\n\t\t\t\t<div class=\"elementor-element elementor-element-ad2a20b elementor-widget elementor-widget-spacer\" data-id=\"ad2a20b\" data-element_type=\"widget\" data-e-type=\"widget\" data-widget_type=\"spacer.default\">\n\t\t\t\t<div class=\"elementor-widget-container\">\n\t\t\t\t\t\t\t<div class=\"elementor-spacer\">\n\t\t\t<div class=\"elementor-spacer-inner\"><\/div>\n\t\t<\/div>\n\t\t\t\t\t\t<\/div>\n\t\t\t\t<\/div>\n\t\t\t\t\t<\/div>\n\t\t\t\t<\/div>\n\t\t\t\t<\/div>\n\t\t","protected":false},"excerpt":{"rendered":"<p>\u00a1Una c\u00e1lida bienvenida! \u00a1Me alegro de que formes parte de nuestra comunidad Bastide! Acabamos de enviarte un correo electr\u00f3nico de confirmaci\u00f3n para asegurarnos de que todo est\u00e1 correcto. Haz clic en el enlace del correo electr\u00f3nico para finalizar tu inscripci\u00f3n. Si no ves el correo electr\u00f3nico inmediatamente, comprueba tu carpeta de correo no deseado para [&hellip;]<\/p>\n","protected":false},"author":2,"featured_media":0,"parent":0,"menu_order":0,"comment_status":"closed","ping_status":"closed","template":"","meta":{"_mo_disable_npp":"","footnotes":""},"folder":[],"class_list":["post-12104","page","type-page","status-publish","hentry"],"yoast_head":"<!-- This site is optimized with the Yoast SEO Premium plugin v25.8 (Yoast SEO v27.4) - https:\/\/yoast.com\/product\/yoast-seo-premium-wordpress\/ -->\n<title>Bolet\u00edn de bienvenida - La Bastide<\/title>\n<meta name=\"robots\" content=\"index, follow, max-snippet:-1, max-image-preview:large, max-video-preview:-1\" \/>\n<link rel=\"canonical\" href=\"https:\/\/labastide.info\/es\/boletin-de-bienvenida\/\" \/>\n<meta property=\"og:locale\" content=\"es_ES\" \/>\n<meta property=\"og:type\" content=\"article\" \/>\n<meta property=\"og:title\" content=\"Bolet\u00edn de bienvenida\" \/>\n<meta property=\"og:description\" content=\"\u00a1Una c\u00e1lida bienvenida! \u00a1Me alegro de que formes parte de nuestra comunidad Bastide! Acabamos de enviarte un correo electr\u00f3nico de confirmaci\u00f3n para asegurarnos de que todo est\u00e1 correcto. Haz clic en el enlace del correo electr\u00f3nico para finalizar tu inscripci\u00f3n. Si no ves el correo electr\u00f3nico inmediatamente, comprueba tu carpeta de correo no deseado para [&hellip;]\" \/>\n<meta property=\"og:url\" content=\"https:\/\/labastide.info\/es\/boletin-de-bienvenida\/\" \/>\n<meta property=\"og:site_name\" content=\"La Bastide\" \/>\n<meta property=\"article:publisher\" content=\"https:\/\/www.facebook.com\/profile.php?id=61559946487956&amp;locale=de_DE\" \/>\n<meta property=\"article:modified_time\" content=\"2024-10-31T20:24:16+00:00\" \/>\n<meta property=\"og:image\" content=\"https:\/\/labastide.info\/wp-content\/uploads\/2024\/06\/GRUPPEN_BANNER.jpg\" \/>\n<meta name=\"twitter:card\" content=\"summary_large_image\" \/>\n<meta name=\"twitter:label1\" content=\"Tiempo de lectura\" \/>\n\t<meta name=\"twitter:data1\" content=\"1 minuto\" \/>\n<script type=\"application\/ld+json\" class=\"yoast-schema-graph\">{\"@context\":\"https:\\\/\\\/schema.org\",\"@graph\":[{\"@type\":\"WebPage\",\"@id\":\"https:\\\/\\\/labastide.info\\\/es\\\/boletin-de-bienvenida\\\/\",\"url\":\"https:\\\/\\\/labastide.info\\\/es\\\/boletin-de-bienvenida\\\/\",\"name\":\"Bolet\u00edn de bienvenida - La Bastide\",\"isPartOf\":{\"@id\":\"https:\\\/\\\/labastide.info\\\/es\\\/#website\"},\"primaryImageOfPage\":{\"@id\":\"https:\\\/\\\/labastide.info\\\/es\\\/boletin-de-bienvenida\\\/#primaryimage\"},\"image\":{\"@id\":\"https:\\\/\\\/labastide.info\\\/es\\\/boletin-de-bienvenida\\\/#primaryimage\"},\"thumbnailUrl\":\"https:\\\/\\\/labastide.info\\\/wp-content\\\/uploads\\\/2024\\\/06\\\/GRUPPEN_BANNER.jpg\",\"datePublished\":\"2024-10-16T13:11:12+00:00\",\"dateModified\":\"2024-10-31T20:24:16+00:00\",\"breadcrumb\":{\"@id\":\"https:\\\/\\\/labastide.info\\\/es\\\/boletin-de-bienvenida\\\/#breadcrumb\"},\"inLanguage\":\"es\",\"potentialAction\":[{\"@type\":\"ReadAction\",\"target\":[\"https:\\\/\\\/labastide.info\\\/es\\\/boletin-de-bienvenida\\\/\"]}]},{\"@type\":\"ImageObject\",\"inLanguage\":\"es\",\"@id\":\"https:\\\/\\\/labastide.info\\\/es\\\/boletin-de-bienvenida\\\/#primaryimage\",\"url\":\"https:\\\/\\\/labastide.info\\\/wp-content\\\/uploads\\\/2024\\\/06\\\/GRUPPEN_BANNER.jpg\",\"contentUrl\":\"https:\\\/\\\/labastide.info\\\/wp-content\\\/uploads\\\/2024\\\/06\\\/GRUPPEN_BANNER.jpg\"},{\"@type\":\"BreadcrumbList\",\"@id\":\"https:\\\/\\\/labastide.info\\\/es\\\/boletin-de-bienvenida\\\/#breadcrumb\",\"itemListElement\":[{\"@type\":\"ListItem\",\"position\":1,\"name\":\"P\u00e1gina de inicio\",\"item\":\"https:\\\/\\\/labastide.info\\\/es\\\/inicio\\\/\"},{\"@type\":\"ListItem\",\"position\":2,\"name\":\"Bolet\u00edn de bienvenida\"}]},{\"@type\":\"WebSite\",\"@id\":\"https:\\\/\\\/labastide.info\\\/es\\\/#website\",\"url\":\"https:\\\/\\\/labastide.info\\\/es\\\/\",\"name\":\"La Bastide\",\"description\":\"De vuelta a las ra\u00edces\\n\",\"publisher\":{\"@id\":\"https:\\\/\\\/labastide.info\\\/es\\\/#organization\"},\"potentialAction\":[{\"@type\":\"SearchAction\",\"target\":{\"@type\":\"EntryPoint\",\"urlTemplate\":\"https:\\\/\\\/labastide.info\\\/es\\\/?s={search_term_string}\"},\"query-input\":{\"@type\":\"PropertyValueSpecification\",\"valueRequired\":true,\"valueName\":\"search_term_string\"}}],\"inLanguage\":\"es\"},{\"@type\":\"Organization\",\"@id\":\"https:\\\/\\\/labastide.info\\\/es\\\/#organization\",\"name\":\"La Bastide\",\"url\":\"https:\\\/\\\/labastide.info\\\/es\\\/\",\"logo\":{\"@type\":\"ImageObject\",\"inLanguage\":\"es\",\"@id\":\"https:\\\/\\\/labastide.info\\\/es\\\/#\\\/schema\\\/logo\\\/image\\\/\",\"url\":\"https:\\\/\\\/labastide.info\\\/wp-content\\\/uploads\\\/2022\\\/08\\\/Logo-La-Bastide.webp\",\"contentUrl\":\"https:\\\/\\\/labastide.info\\\/wp-content\\\/uploads\\\/2022\\\/08\\\/Logo-La-Bastide.webp\",\"width\":1748,\"height\":591,\"caption\":\"La Bastide\"},\"image\":{\"@id\":\"https:\\\/\\\/labastide.info\\\/es\\\/#\\\/schema\\\/logo\\\/image\\\/\"},\"sameAs\":[\"https:\\\/\\\/www.facebook.com\\\/profile.php?id=61559946487956&locale=de_DE\"]}]}<\/script>\n<!-- \/ Yoast SEO Premium plugin. -->","yoast_head_json":{"title":"Bolet\u00edn de bienvenida - La Bastide","robots":{"index":"index","follow":"follow","max-snippet":"max-snippet:-1","max-image-preview":"max-image-preview:large","max-video-preview":"max-video-preview:-1"},"canonical":"https:\/\/labastide.info\/es\/boletin-de-bienvenida\/","og_locale":"es_ES","og_type":"article","og_title":"Bolet\u00edn de bienvenida","og_description":"\u00a1Una c\u00e1lida bienvenida! \u00a1Me alegro de que formes parte de nuestra comunidad Bastide! Acabamos de enviarte un correo electr\u00f3nico de confirmaci\u00f3n para asegurarnos de que todo est\u00e1 correcto. Haz clic en el enlace del correo electr\u00f3nico para finalizar tu inscripci\u00f3n. Si no ves el correo electr\u00f3nico inmediatamente, comprueba tu carpeta de correo no deseado para [&hellip;]","og_url":"https:\/\/labastide.info\/es\/boletin-de-bienvenida\/","og_site_name":"La Bastide","article_publisher":"https:\/\/www.facebook.com\/profile.php?id=61559946487956&locale=de_DE","article_modified_time":"2024-10-31T20:24:16+00:00","og_image":[{"url":"https:\/\/labastide.info\/wp-content\/uploads\/2024\/06\/GRUPPEN_BANNER.jpg","type":"","width":"","height":""}],"twitter_card":"summary_large_image","twitter_misc":{"Tiempo de lectura":"1 minuto"},"schema":{"@context":"https:\/\/schema.org","@graph":[{"@type":"WebPage","@id":"https:\/\/labastide.info\/es\/boletin-de-bienvenida\/","url":"https:\/\/labastide.info\/es\/boletin-de-bienvenida\/","name":"Bolet\u00edn de bienvenida - La Bastide","isPartOf":{"@id":"https:\/\/labastide.info\/es\/#website"},"primaryImageOfPage":{"@id":"https:\/\/labastide.info\/es\/boletin-de-bienvenida\/#primaryimage"},"image":{"@id":"https:\/\/labastide.info\/es\/boletin-de-bienvenida\/#primaryimage"},"thumbnailUrl":"https:\/\/labastide.info\/wp-content\/uploads\/2024\/06\/GRUPPEN_BANNER.jpg","datePublished":"2024-10-16T13:11:12+00:00","dateModified":"2024-10-31T20:24:16+00:00","breadcrumb":{"@id":"https:\/\/labastide.info\/es\/boletin-de-bienvenida\/#breadcrumb"},"inLanguage":"es","potentialAction":[{"@type":"ReadAction","target":["https:\/\/labastide.info\/es\/boletin-de-bienvenida\/"]}]},{"@type":"ImageObject","inLanguage":"es","@id":"https:\/\/labastide.info\/es\/boletin-de-bienvenida\/#primaryimage","url":"https:\/\/labastide.info\/wp-content\/uploads\/2024\/06\/GRUPPEN_BANNER.jpg","contentUrl":"https:\/\/labastide.info\/wp-content\/uploads\/2024\/06\/GRUPPEN_BANNER.jpg"},{"@type":"BreadcrumbList","@id":"https:\/\/labastide.info\/es\/boletin-de-bienvenida\/#breadcrumb","itemListElement":[{"@type":"ListItem","position":1,"name":"P\u00e1gina de inicio","item":"https:\/\/labastide.info\/es\/inicio\/"},{"@type":"ListItem","position":2,"name":"Bolet\u00edn de bienvenida"}]},{"@type":"WebSite","@id":"https:\/\/labastide.info\/es\/#website","url":"https:\/\/labastide.info\/es\/","name":"La Bastide","description":"De vuelta a las ra\u00edces\n","publisher":{"@id":"https:\/\/labastide.info\/es\/#organization"},"potentialAction":[{"@type":"SearchAction","target":{"@type":"EntryPoint","urlTemplate":"https:\/\/labastide.info\/es\/?s={search_term_string}"},"query-input":{"@type":"PropertyValueSpecification","valueRequired":true,"valueName":"search_term_string"}}],"inLanguage":"es"},{"@type":"Organization","@id":"https:\/\/labastide.info\/es\/#organization","name":"La Bastide","url":"https:\/\/labastide.info\/es\/","logo":{"@type":"ImageObject","inLanguage":"es","@id":"https:\/\/labastide.info\/es\/#\/schema\/logo\/image\/","url":"https:\/\/labastide.info\/wp-content\/uploads\/2022\/08\/Logo-La-Bastide.webp","contentUrl":"https:\/\/labastide.info\/wp-content\/uploads\/2022\/08\/Logo-La-Bastide.webp","width":1748,"height":591,"caption":"La Bastide"},"image":{"@id":"https:\/\/labastide.info\/es\/#\/schema\/logo\/image\/"},"sameAs":["https:\/\/www.facebook.com\/profile.php?id=61559946487956&locale=de_DE"]}]}},"_links":{"self":[{"href":"https:\/\/labastide.info\/es\/wp-json\/wp\/v2\/pages\/12104","targetHints":{"allow":["GET"]}}],"collection":[{"href":"https:\/\/labastide.info\/es\/wp-json\/wp\/v2\/pages"}],"about":[{"href":"https:\/\/labastide.info\/es\/wp-json\/wp\/v2\/types\/page"}],"author":[{"embeddable":true,"href":"https:\/\/labastide.info\/es\/wp-json\/wp\/v2\/users\/2"}],"replies":[{"embeddable":true,"href":"https:\/\/labastide.info\/es\/wp-json\/wp\/v2\/comments?post=12104"}],"version-history":[{"count":0,"href":"https:\/\/labastide.info\/es\/wp-json\/wp\/v2\/pages\/12104\/revisions"}],"wp:attachment":[{"href":"https:\/\/labastide.info\/es\/wp-json\/wp\/v2\/media?parent=12104"}],"wp:term":[{"taxonomy":"folder","embeddable":true,"href":"https:\/\/labastide.info\/es\/wp-json\/wp\/v2\/folder?post=12104"}],"curies":[{"name":"wp","href":"https:\/\/api.w.org\/{rel}","templated":true}]}}