{"id":32774,"date":"2025-08-23T16:49:08","date_gmt":"2025-08-23T16:49:08","guid":{"rendered":"https:\/\/labastide.info\/chat\/"},"modified":"2025-08-23T19:13:19","modified_gmt":"2025-08-23T19:13:19","slug":"chat","status":"publish","type":"page","link":"https:\/\/labastide.info\/es\/chat\/","title":{"rendered":"CHAT"},"content":{"rendered":"\t\t<div data-elementor-type=\"wp-page\" data-elementor-id=\"32774\" class=\"elementor elementor-32774 elementor-32706\" data-elementor-post-type=\"page\">\n\t\t\t\t<div class=\"elementor-element elementor-element-8444d27 e-flex e-con-boxed e-con e-parent\" data-id=\"8444d27\" data-element_type=\"container\" data-e-type=\"container\">\n\t\t\t\t\t<div class=\"e-con-inner\">\n\t\t<div class=\"elementor-element elementor-element-a693bcb e-con-full e-flex e-con e-child\" data-id=\"a693bcb\" data-element_type=\"container\" data-e-type=\"container\">\n\t\t\t\t<div class=\"elementor-element elementor-element-8bca199 elementor-widget elementor-widget-heading\" data-id=\"8bca199\" data-element_type=\"widget\" data-e-type=\"widget\" data-widget_type=\"heading.default\">\n\t\t\t\t<div class=\"elementor-widget-container\">\n\t\t\t\t\t<h1 class=\"elementor-heading-title elementor-size-default\">BIENVENIDO AL <\/h1>\t\t\t\t<\/div>\n\t\t\t\t<\/div>\n\t\t\t\t<div class=\"elementor-element elementor-element-6976fc8 elementor-widget elementor-widget-heading\" data-id=\"6976fc8\" data-element_type=\"widget\" data-e-type=\"widget\" data-widget_type=\"heading.default\">\n\t\t\t\t<div class=\"elementor-widget-container\">\n\t\t\t\t\t<h2 class=\"elementor-heading-title elementor-size-default\">Chat La Bastide<\/h2>\t\t\t\t<\/div>\n\t\t\t\t<\/div>\n\t\t\t\t<\/div>\n\t\t\t\t\t<\/div>\n\t\t\t\t<\/div>\n\t\t<div class=\"elementor-element elementor-element-4e42e74 e-flex e-con-boxed e-con e-parent\" data-id=\"4e42e74\" data-element_type=\"container\" data-e-type=\"container\">\n\t\t\t\t\t<div class=\"e-con-inner\">\n\t\t\t\t<div class=\"elementor-element elementor-element-925707b elementor-widget elementor-widget-spacer\" data-id=\"925707b\" data-element_type=\"widget\" data-e-type=\"widget\" data-widget_type=\"spacer.default\">\n\t\t\t\t<div class=\"elementor-widget-container\">\n\t\t\t\t\t\t\t<div class=\"elementor-spacer\">\n\t\t\t<div class=\"elementor-spacer-inner\"><\/div>\n\t\t<\/div>\n\t\t\t\t\t\t<\/div>\n\t\t\t\t<\/div>\n\t\t\t\t\t<\/div>\n\t\t\t\t<\/div>\n\t\t<div class=\"elementor-element elementor-element-b9f34bb e-flex e-con-boxed e-con e-parent\" data-id=\"b9f34bb\" data-element_type=\"container\" data-e-type=\"container\">\n\t\t\t\t\t<div class=\"e-con-inner\">\n\t\t\t\t<div class=\"elementor-element elementor-element-0d15286 elementor-widget elementor-widget-text-editor\" data-id=\"0d15286\" data-element_type=\"widget\" data-e-type=\"widget\" data-widget_type=\"text-editor.default\">\n\t\t\t\t<div class=\"elementor-widget-container\">\n\t\t\t\t\t\t\t\t\t<p class=\"p1\">Aqu\u00ed puedes hacerme tus preguntas directamente, de forma r\u00e1pida, sencilla y a cualquier hora.<\/p><p>\u00a0<\/p><p class=\"p1\">Ya sea sobre viajes, las casas y habitaciones de hu\u00e9spedes, nuestros animales, excursiones por la zona o seminarios y eventos, estoy aqu\u00ed para ayudarte.<\/p><p>\u00a0<\/p><p class=\"p1\">S\u00f3lo tienes que introducir tu pregunta en el campo de abajo y obtendr\u00e1s la respuesta adecuada de inmediato.<\/p><p>\u00a0<\/p><p class=\"p1\">As\u00ed podr\u00e1s encontrar en todo momento toda la informaci\u00f3n importante para tu estancia en La Bastide en un solo lugar.<\/p><p>\u00a0<\/p><p class=\"p1\">\u00a1Esperamos recibirte pronto!<\/p>\t\t\t\t\t\t\t\t<\/div>\n\t\t\t\t<\/div>\n\t\t\t\t\t<\/div>\n\t\t\t\t<\/div>\n\t\t<div class=\"elementor-element elementor-element-f5c71f0 e-flex e-con-boxed e-con e-parent\" data-id=\"f5c71f0\" data-element_type=\"container\" data-e-type=\"container\">\n\t\t\t\t\t<div class=\"e-con-inner\">\n\t\t\t\t<div class=\"elementor-element elementor-element-46eea29 elementor-widget elementor-widget-shortcode\" data-id=\"46eea29\" data-element_type=\"widget\" data-e-type=\"widget\" data-widget_type=\"shortcode.default\">\n\t\t\t\t<div class=\"elementor-widget-container\">\n\t\t\t\t\t\t\t<div class=\"elementor-shortcode\">    <div class=\"ldc-chatbot\" data-ajax=\"https:\/\/labastide.info\/wp-admin\/admin-ajax.php\">\n      <div class=\"ldc-chatbot__header\"><div class=\"ldc-chatbot__title\">La Bastide Chat<\/div><\/div>\n      <div class=\"ldc-chatbot__messages\" aria-live=\"polite\"><\/div>\n      <div class=\"ldc-chatbot__form\">\n        <input type=\"text\" class=\"ldc-chatbot__input\" placeholder=\"Preg\u00fantame algo sobre tu estancia\u2026\" \/>\n        <button type=\"button\" class=\"ldc-chatbot__send\">Enviar<\/button>\n      <\/div>\n      <p class=\"ldc-chatbot__note\">Las respuestas son generadas por un servicio de IA externo. No se guardan los chats en el servidor.<\/p>\n    <\/div>\n    <script>\n    (function(){\n      if(!window.LDC_setup){\n        window.LDC_setup = function(wrap){\n          if(!wrap || wrap.dataset.ldcInit==='1') return;\n          wrap.dataset.ldcInit='1';\n          var ajaxUrl = wrap.getAttribute('data-ajax') || '\/wp-admin\/admin-ajax.php';\n          var messagesEl = wrap.querySelector('.ldc-chatbot__messages');\n          var input = wrap.querySelector('.ldc-chatbot__input');\n          var sendBtn = wrap.querySelector('.ldc-chatbot__send');\n          var state = { messages: [] };\n          var welcome = \"\\u00a1Bienvenido a La Bastide! \\u00bfC\\u00f3mo puedo ayudarte?\";\n          var typingText = \"\\u2026 escribiendo \\u2026\";\n          var errorGeneric = \"Sorry, something went wrong. Please try again.\";\n          var errorNetwork = \"Network error. Please try again later.\";\n          function bubble(role, content){ var b=document.createElement('div'); b.className='ldc-chatbot__bubble '+(role==='user'?'ldc-chatbot__bubble--user':'ldc-chatbot__bubble--bot'); b.textContent=content; messagesEl.appendChild(b); messagesEl.scrollTop=messagesEl.scrollHeight; }\n          function setTyping(on){ var t=wrap.querySelector('#ldc-typing'); if(on){ if(!t){ t=document.createElement('div'); t.id='ldc-typing'; t.className='ldc-chatbot__bubble ldc-chatbot__bubble--bot'; t.textContent=typingText; messagesEl.appendChild(t);} } else { if(t){ t.remove(); } } messagesEl.scrollTop=messagesEl.scrollHeight; }\n          function submitNow(){ var text=(input.value||'').trim(); if(!text) return; bubble('user', text); state.messages.push({role:'user', content:text}); input.value=''; setTyping(true);\n            var fd=new FormData(); fd.append('action','ldc_chat'); fd.append('messages', JSON.stringify(state.messages));\n            fetch(ajaxUrl,{method:'POST',body:fd}).then(function(res){ return res.json().then(function(d){ return {ok:res.ok, data:d}; }); }).then(function(r){ setTyping(false);\n              if(!r.ok||!r.data||!r.data.reply){ bubble('assistant', errorGeneric); return; } bubble('assistant', r.data.reply); state.messages.push({role:'assistant', content:r.data.reply}); })\n              .catch(function(){ setTyping(false); bubble('assistant', errorNetwork); });\n          }\n          if (welcome) bubble('assistant', welcome);\n          sendBtn.addEventListener('click', function(e){ e.preventDefault(); e.stopPropagation(); submitNow(); });\n          input.addEventListener('keydown', function(e){ if(e.key==='Enter'&&!e.shiftKey){ e.preventDefault(); e.stopPropagation(); submitNow(); } });\n        };\n      }\n      var wrap = document.currentScript.previousElementSibling;\n      if(!wrap || !wrap.classList.contains('ldc-chatbot')){\n        var els = document.querySelectorAll('.ldc-chatbot'); wrap = els[els.length-1];\n      }\n      if(wrap) window.LDC_setup(wrap);\n    })();\n    <\/script>\n    <\/div>\n\t\t\t\t\t\t<\/div>\n\t\t\t\t<\/div>\n\t\t\t\t\t<\/div>\n\t\t\t\t<\/div>\n\t\t<div class=\"elementor-element elementor-element-8b3cb3e e-flex e-con-boxed e-con e-parent\" data-id=\"8b3cb3e\" data-element_type=\"container\" data-e-type=\"container\">\n\t\t\t\t\t<div class=\"e-con-inner\">\n\t\t\t\t<div class=\"elementor-element elementor-element-b11cf13 elementor-widget elementor-widget-spacer\" data-id=\"b11cf13\" data-element_type=\"widget\" data-e-type=\"widget\" data-widget_type=\"spacer.default\">\n\t\t\t\t<div class=\"elementor-widget-container\">\n\t\t\t\t\t\t\t<div class=\"elementor-spacer\">\n\t\t\t<div class=\"elementor-spacer-inner\"><\/div>\n\t\t<\/div>\n\t\t\t\t\t\t<\/div>\n\t\t\t\t<\/div>\n\t\t\t\t\t<\/div>\n\t\t\t\t<\/div>\n\t\t\t\t<\/div>\n\t\t","protected":false},"excerpt":{"rendered":"<p>BIENVENIDO AL Chat La Bastide Aqu\u00ed puedes hacerme tus preguntas directamente, de forma r\u00e1pida, sencilla y a cualquier hora. \u00a0 Ya sea sobre viajes, las casas y habitaciones de hu\u00e9spedes, nuestros animales, excursiones por la zona o seminarios y eventos, estoy aqu\u00ed para ayudarte. \u00a0 S\u00f3lo tienes que introducir tu pregunta en el campo de [&hellip;]<\/p>\n","protected":false},"author":2,"featured_media":0,"parent":0,"menu_order":0,"comment_status":"closed","ping_status":"closed","template":"elementor_header_footer","meta":{"_mo_disable_npp":"","footnotes":""},"folder":[],"class_list":["post-32774","page","type-page","status-publish","hentry"],"yoast_head":"<!-- This site is optimized with the Yoast SEO Premium plugin v25.8 (Yoast SEO v27.4) - https:\/\/yoast.com\/product\/yoast-seo-premium-wordpress\/ -->\n<title>CHAT - La Bastide<\/title>\n<meta name=\"robots\" content=\"index, follow, max-snippet:-1, max-image-preview:large, max-video-preview:-1\" \/>\n<link rel=\"canonical\" href=\"https:\/\/labastide.info\/es\/chat\/\" \/>\n<meta property=\"og:locale\" content=\"es_ES\" \/>\n<meta property=\"og:type\" content=\"article\" \/>\n<meta property=\"og:title\" content=\"CHAT\" \/>\n<meta property=\"og:description\" content=\"BIENVENIDO AL Chat La Bastide Aqu\u00ed puedes hacerme tus preguntas directamente, de forma r\u00e1pida, sencilla y a cualquier hora. \u00a0 Ya sea sobre viajes, las casas y habitaciones de hu\u00e9spedes, nuestros animales, excursiones por la zona o seminarios y eventos, estoy aqu\u00ed para ayudarte. \u00a0 S\u00f3lo tienes que introducir tu pregunta en el campo de [&hellip;]\" \/>\n<meta property=\"og:url\" content=\"https:\/\/labastide.info\/es\/chat\/\" \/>\n<meta property=\"og:site_name\" content=\"La Bastide\" \/>\n<meta property=\"article:publisher\" content=\"https:\/\/www.facebook.com\/profile.php?id=61559946487956&amp;locale=de_DE\" \/>\n<meta property=\"article:modified_time\" content=\"2025-08-23T19:13:19+00:00\" \/>\n<meta name=\"twitter:card\" content=\"summary_large_image\" \/>\n<meta name=\"twitter:label1\" content=\"Tiempo de lectura\" \/>\n\t<meta name=\"twitter:data1\" content=\"1 minuto\" \/>\n<script type=\"application\/ld+json\" class=\"yoast-schema-graph\">{\"@context\":\"https:\\\/\\\/schema.org\",\"@graph\":[{\"@type\":\"WebPage\",\"@id\":\"https:\\\/\\\/labastide.info\\\/es\\\/chat\\\/\",\"url\":\"https:\\\/\\\/labastide.info\\\/es\\\/chat\\\/\",\"name\":\"CHAT - La Bastide\",\"isPartOf\":{\"@id\":\"https:\\\/\\\/labastide.info\\\/es\\\/#website\"},\"datePublished\":\"2025-08-23T16:49:08+00:00\",\"dateModified\":\"2025-08-23T19:13:19+00:00\",\"breadcrumb\":{\"@id\":\"https:\\\/\\\/labastide.info\\\/es\\\/chat\\\/#breadcrumb\"},\"inLanguage\":\"es\",\"potentialAction\":[{\"@type\":\"ReadAction\",\"target\":[\"https:\\\/\\\/labastide.info\\\/es\\\/chat\\\/\"]}]},{\"@type\":\"BreadcrumbList\",\"@id\":\"https:\\\/\\\/labastide.info\\\/es\\\/chat\\\/#breadcrumb\",\"itemListElement\":[{\"@type\":\"ListItem\",\"position\":1,\"name\":\"P\u00e1gina de inicio\",\"item\":\"https:\\\/\\\/labastide.info\\\/es\\\/inicio\\\/\"},{\"@type\":\"ListItem\",\"position\":2,\"name\":\"CHAT\"}]},{\"@type\":\"WebSite\",\"@id\":\"https:\\\/\\\/labastide.info\\\/es\\\/#website\",\"url\":\"https:\\\/\\\/labastide.info\\\/es\\\/\",\"name\":\"La Bastide\",\"description\":\"De vuelta a las ra\u00edces\\n\",\"publisher\":{\"@id\":\"https:\\\/\\\/labastide.info\\\/es\\\/#organization\"},\"potentialAction\":[{\"@type\":\"SearchAction\",\"target\":{\"@type\":\"EntryPoint\",\"urlTemplate\":\"https:\\\/\\\/labastide.info\\\/es\\\/?s={search_term_string}\"},\"query-input\":{\"@type\":\"PropertyValueSpecification\",\"valueRequired\":true,\"valueName\":\"search_term_string\"}}],\"inLanguage\":\"es\"},{\"@type\":\"Organization\",\"@id\":\"https:\\\/\\\/labastide.info\\\/es\\\/#organization\",\"name\":\"La Bastide\",\"url\":\"https:\\\/\\\/labastide.info\\\/es\\\/\",\"logo\":{\"@type\":\"ImageObject\",\"inLanguage\":\"es\",\"@id\":\"https:\\\/\\\/labastide.info\\\/es\\\/#\\\/schema\\\/logo\\\/image\\\/\",\"url\":\"https:\\\/\\\/labastide.info\\\/wp-content\\\/uploads\\\/2022\\\/08\\\/Logo-La-Bastide.webp\",\"contentUrl\":\"https:\\\/\\\/labastide.info\\\/wp-content\\\/uploads\\\/2022\\\/08\\\/Logo-La-Bastide.webp\",\"width\":1748,\"height\":591,\"caption\":\"La Bastide\"},\"image\":{\"@id\":\"https:\\\/\\\/labastide.info\\\/es\\\/#\\\/schema\\\/logo\\\/image\\\/\"},\"sameAs\":[\"https:\\\/\\\/www.facebook.com\\\/profile.php?id=61559946487956&locale=de_DE\"]}]}<\/script>\n<!-- \/ Yoast SEO Premium plugin. -->","yoast_head_json":{"title":"CHAT - La Bastide","robots":{"index":"index","follow":"follow","max-snippet":"max-snippet:-1","max-image-preview":"max-image-preview:large","max-video-preview":"max-video-preview:-1"},"canonical":"https:\/\/labastide.info\/es\/chat\/","og_locale":"es_ES","og_type":"article","og_title":"CHAT","og_description":"BIENVENIDO AL Chat La Bastide Aqu\u00ed puedes hacerme tus preguntas directamente, de forma r\u00e1pida, sencilla y a cualquier hora. \u00a0 Ya sea sobre viajes, las casas y habitaciones de hu\u00e9spedes, nuestros animales, excursiones por la zona o seminarios y eventos, estoy aqu\u00ed para ayudarte. \u00a0 S\u00f3lo tienes que introducir tu pregunta en el campo de [&hellip;]","og_url":"https:\/\/labastide.info\/es\/chat\/","og_site_name":"La Bastide","article_publisher":"https:\/\/www.facebook.com\/profile.php?id=61559946487956&locale=de_DE","article_modified_time":"2025-08-23T19:13:19+00:00","twitter_card":"summary_large_image","twitter_misc":{"Tiempo de lectura":"1 minuto"},"schema":{"@context":"https:\/\/schema.org","@graph":[{"@type":"WebPage","@id":"https:\/\/labastide.info\/es\/chat\/","url":"https:\/\/labastide.info\/es\/chat\/","name":"CHAT - La Bastide","isPartOf":{"@id":"https:\/\/labastide.info\/es\/#website"},"datePublished":"2025-08-23T16:49:08+00:00","dateModified":"2025-08-23T19:13:19+00:00","breadcrumb":{"@id":"https:\/\/labastide.info\/es\/chat\/#breadcrumb"},"inLanguage":"es","potentialAction":[{"@type":"ReadAction","target":["https:\/\/labastide.info\/es\/chat\/"]}]},{"@type":"BreadcrumbList","@id":"https:\/\/labastide.info\/es\/chat\/#breadcrumb","itemListElement":[{"@type":"ListItem","position":1,"name":"P\u00e1gina de inicio","item":"https:\/\/labastide.info\/es\/inicio\/"},{"@type":"ListItem","position":2,"name":"CHAT"}]},{"@type":"WebSite","@id":"https:\/\/labastide.info\/es\/#website","url":"https:\/\/labastide.info\/es\/","name":"La Bastide","description":"De vuelta a las ra\u00edces\n","publisher":{"@id":"https:\/\/labastide.info\/es\/#organization"},"potentialAction":[{"@type":"SearchAction","target":{"@type":"EntryPoint","urlTemplate":"https:\/\/labastide.info\/es\/?s={search_term_string}"},"query-input":{"@type":"PropertyValueSpecification","valueRequired":true,"valueName":"search_term_string"}}],"inLanguage":"es"},{"@type":"Organization","@id":"https:\/\/labastide.info\/es\/#organization","name":"La Bastide","url":"https:\/\/labastide.info\/es\/","logo":{"@type":"ImageObject","inLanguage":"es","@id":"https:\/\/labastide.info\/es\/#\/schema\/logo\/image\/","url":"https:\/\/labastide.info\/wp-content\/uploads\/2022\/08\/Logo-La-Bastide.webp","contentUrl":"https:\/\/labastide.info\/wp-content\/uploads\/2022\/08\/Logo-La-Bastide.webp","width":1748,"height":591,"caption":"La Bastide"},"image":{"@id":"https:\/\/labastide.info\/es\/#\/schema\/logo\/image\/"},"sameAs":["https:\/\/www.facebook.com\/profile.php?id=61559946487956&locale=de_DE"]}]}},"_links":{"self":[{"href":"https:\/\/labastide.info\/es\/wp-json\/wp\/v2\/pages\/32774","targetHints":{"allow":["GET"]}}],"collection":[{"href":"https:\/\/labastide.info\/es\/wp-json\/wp\/v2\/pages"}],"about":[{"href":"https:\/\/labastide.info\/es\/wp-json\/wp\/v2\/types\/page"}],"author":[{"embeddable":true,"href":"https:\/\/labastide.info\/es\/wp-json\/wp\/v2\/users\/2"}],"replies":[{"embeddable":true,"href":"https:\/\/labastide.info\/es\/wp-json\/wp\/v2\/comments?post=32774"}],"version-history":[{"count":7,"href":"https:\/\/labastide.info\/es\/wp-json\/wp\/v2\/pages\/32774\/revisions"}],"predecessor-version":[{"id":32790,"href":"https:\/\/labastide.info\/es\/wp-json\/wp\/v2\/pages\/32774\/revisions\/32790"}],"wp:attachment":[{"href":"https:\/\/labastide.info\/es\/wp-json\/wp\/v2\/media?parent=32774"}],"wp:term":[{"taxonomy":"folder","embeddable":true,"href":"https:\/\/labastide.info\/es\/wp-json\/wp\/v2\/folder?post=32774"}],"curies":[{"name":"wp","href":"https:\/\/api.w.org\/{rel}","templated":true}]}}