{"id":32957,"date":"2025-08-28T15:06:59","date_gmt":"2025-08-28T15:06:59","guid":{"rendered":"https:\/\/labastide.info\/cursos\/"},"modified":"2026-01-04T12:22:33","modified_gmt":"2026-01-04T12:22:33","slug":"cursos","status":"publish","type":"page","link":"https:\/\/labastide.info\/es\/cursos\/","title":{"rendered":"CURSOS"},"content":{"rendered":"\t\t<div data-elementor-type=\"wp-page\" data-elementor-id=\"32957\" class=\"elementor elementor-32957 elementor-32938\" data-elementor-post-type=\"page\">\n\t\t\t\t<div class=\"elementor-element elementor-element-fa2b8e3 e-con-full e-flex e-con e-parent\" data-id=\"fa2b8e3\" data-element_type=\"container\" data-e-type=\"container\">\n\t\t\t\t<div class=\"elementor-element elementor-element-1e87b27 elementor-widget elementor-widget-image\" data-id=\"1e87b27\" data-element_type=\"widget\" data-e-type=\"widget\" data-widget_type=\"image.default\">\n\t\t\t\t<div class=\"elementor-widget-container\">\n\t\t\t\t\t\t\t\t\t\t\t\t\t\t\t<img fetchpriority=\"high\" decoding=\"async\" width=\"1920\" height=\"600\" src=\"https:\/\/labastide.info\/wp-content\/uploads\/2024\/05\/GRUPPEN_BANNER.jpg\" class=\"attachment-full size-full wp-image-8799\" alt=\"\" srcset=\"https:\/\/labastide.info\/wp-content\/uploads\/2024\/05\/GRUPPEN_BANNER.jpg 1920w, https:\/\/labastide.info\/wp-content\/uploads\/2024\/05\/GRUPPEN_BANNER-300x94.jpg 300w, https:\/\/labastide.info\/wp-content\/uploads\/2024\/05\/GRUPPEN_BANNER-1024x320.jpg 1024w, https:\/\/labastide.info\/wp-content\/uploads\/2024\/05\/GRUPPEN_BANNER-768x240.jpg 768w, https:\/\/labastide.info\/wp-content\/uploads\/2024\/05\/GRUPPEN_BANNER-1536x480.jpg 1536w\" sizes=\"(max-width: 1920px) 100vw, 1920px\" \/>\t\t\t\t\t\t\t\t\t\t\t\t\t\t\t<\/div>\n\t\t\t\t<\/div>\n\t\t\t\t<\/div>\n\t\t<div class=\"elementor-element elementor-element-094dc10 e-flex e-con-boxed e-con e-parent\" data-id=\"094dc10\" data-element_type=\"container\" data-e-type=\"container\">\n\t\t\t\t\t<div class=\"e-con-inner\">\n\t\t\t\t<div class=\"elementor-element elementor-element-72bc165 elementor-widget elementor-widget-spacer\" data-id=\"72bc165\" data-element_type=\"widget\" data-e-type=\"widget\" data-widget_type=\"spacer.default\">\n\t\t\t\t<div class=\"elementor-widget-container\">\n\t\t\t\t\t\t\t<div class=\"elementor-spacer\">\n\t\t\t<div class=\"elementor-spacer-inner\"><\/div>\n\t\t<\/div>\n\t\t\t\t\t\t<\/div>\n\t\t\t\t<\/div>\n\t\t\t\t\t<\/div>\n\t\t\t\t<\/div>\n\t\t<div class=\"elementor-element elementor-element-93c764c e-flex e-con-boxed e-con e-parent\" data-id=\"93c764c\" data-element_type=\"container\" data-e-type=\"container\">\n\t\t\t\t\t<div class=\"e-con-inner\">\n\t\t\t\t<div class=\"elementor-element elementor-element-0aadea9 elementor-widget elementor-widget-heading\" data-id=\"0aadea9\" data-element_type=\"widget\" data-e-type=\"widget\" data-widget_type=\"heading.default\">\n\t\t\t\t<div class=\"elementor-widget-container\">\n\t\t\t\t\t<h1 class=\"elementor-heading-title elementor-size-default\">LA BASTIDE<\/h1>\t\t\t\t<\/div>\n\t\t\t\t<\/div>\n\t\t\t\t<div class=\"elementor-element elementor-element-25815d7 elementor-widget elementor-widget-heading\" data-id=\"25815d7\" data-element_type=\"widget\" data-e-type=\"widget\" data-widget_type=\"heading.default\">\n\t\t\t\t<div class=\"elementor-widget-container\">\n\t\t\t\t\t<h2 class=\"elementor-heading-title elementor-size-default\">Cursos<\/h2>\t\t\t\t<\/div>\n\t\t\t\t<\/div>\n\t\t\t\t\t<\/div>\n\t\t\t\t<\/div>\n\t\t<div class=\"elementor-element elementor-element-abf1f6f e-flex e-con-boxed e-con e-parent\" data-id=\"abf1f6f\" data-element_type=\"container\" data-e-type=\"container\">\n\t\t\t\t\t<div class=\"e-con-inner\">\n\t\t\t\t<div class=\"elementor-element elementor-element-5b6c784 elementor-widget elementor-widget-spacer\" data-id=\"5b6c784\" data-element_type=\"widget\" data-e-type=\"widget\" data-widget_type=\"spacer.default\">\n\t\t\t\t<div class=\"elementor-widget-container\">\n\t\t\t\t\t\t\t<div class=\"elementor-spacer\">\n\t\t\t<div class=\"elementor-spacer-inner\"><\/div>\n\t\t<\/div>\n\t\t\t\t\t\t<\/div>\n\t\t\t\t<\/div>\n\t\t\t\t\t<\/div>\n\t\t\t\t<\/div>\n\t\t<div class=\"elementor-element elementor-element-b40fe68 e-flex e-con-boxed e-con e-parent\" data-id=\"b40fe68\" data-element_type=\"container\" data-e-type=\"container\">\n\t\t\t\t\t<div class=\"e-con-inner\">\n\t\t\t\t<div class=\"elementor-element elementor-element-dc8b118 elementor-widget elementor-widget-heading\" data-id=\"dc8b118\" data-element_type=\"widget\" data-e-type=\"widget\" data-widget_type=\"heading.default\">\n\t\t\t\t<div class=\"elementor-widget-container\">\n\t\t\t\t\t<h4 class=\"elementor-heading-title elementor-size-default\">CURSOS Y SEMANAS INTENSIVAS EN LA BASTIDE<\/h4>\t\t\t\t<\/div>\n\t\t\t\t<\/div>\n\t\t\t\t\t<\/div>\n\t\t\t\t<\/div>\n\t\t<div class=\"elementor-element elementor-element-a6d447b e-flex e-con-boxed e-con e-parent\" data-id=\"a6d447b\" data-element_type=\"container\" data-e-type=\"container\">\n\t\t\t\t\t<div class=\"e-con-inner\">\n\t\t\t\t<div class=\"elementor-element elementor-element-e2860cc elementor-widget elementor-widget-text-editor\" data-id=\"e2860cc\" data-element_type=\"widget\" data-e-type=\"widget\" data-widget_type=\"text-editor.default\">\n\t\t\t\t<div class=\"elementor-widget-container\">\n\t\t\t\t\t\t\t\t\t<p class=\"p1\">La Bastide es m\u00e1s que un lugar de descanso: es un espacio de desarrollo, intercambio e inspiraci\u00f3n. En plena naturaleza, en el sur de Francia, te invitamos a participar en cursos especiales y semanas intensivas que tocan tu cuerpo, tu mente y tu alma. <\/p><p class=\"p1\">Los programas que aqu\u00ed se presentan est\u00e1n dirigidos por experimentados responsables de cursos externos que han elegido La Bastide como lugar especial para sus seminarios, cursos de formaci\u00f3n o retiros. El contenido y el enfoque de las semanas son tan variados como nuestros hu\u00e9spedes: desde movimiento y trabajo corporal hasta descubrimientos creativos o culinarios y desarrollo personal consciente. <\/p>\t\t\t\t\t\t\t\t<\/div>\n\t\t\t\t<\/div>\n\t\t\t\t\t<\/div>\n\t\t\t\t<\/div>\n\t\t<div class=\"elementor-element elementor-element-13d840d e-flex e-con-boxed e-con e-parent\" data-id=\"13d840d\" data-element_type=\"container\" data-e-type=\"container\">\n\t\t\t\t\t<div class=\"e-con-inner\">\n\t\t\t\t<div class=\"elementor-element elementor-element-7f54579 elementor-widget elementor-widget-spacer\" data-id=\"7f54579\" data-element_type=\"widget\" data-e-type=\"widget\" data-widget_type=\"spacer.default\">\n\t\t\t\t<div class=\"elementor-widget-container\">\n\t\t\t\t\t\t\t<div class=\"elementor-spacer\">\n\t\t\t<div class=\"elementor-spacer-inner\"><\/div>\n\t\t<\/div>\n\t\t\t\t\t\t<\/div>\n\t\t\t\t<\/div>\n\t\t\t\t\t<\/div>\n\t\t\t\t<\/div>\n\t\t<div class=\"elementor-element elementor-element-65fc6f0 e-flex e-con-boxed e-con e-parent\" data-id=\"65fc6f0\" data-element_type=\"container\" data-e-type=\"container\">\n\t\t\t\t\t<div class=\"e-con-inner\">\n\t\t\t\t<div class=\"elementor-element elementor-element-bb1c628 elementor-widget elementor-widget-heading\" data-id=\"bb1c628\" data-element_type=\"widget\" data-e-type=\"widget\" data-widget_type=\"heading.default\">\n\t\t\t\t<div class=\"elementor-widget-container\">\n\t\t\t\t\t<h4 class=\"elementor-heading-title elementor-size-default\">\u00bfTE GUSTAR\u00cdA OFRECER T\u00da MISMO UN CURSO?<\/h4>\t\t\t\t<\/div>\n\t\t\t\t<\/div>\n\t\t\t\t\t<\/div>\n\t\t\t\t<\/div>\n\t\t<div class=\"elementor-element elementor-element-6ac3d57 e-flex e-con-boxed e-con e-parent\" data-id=\"6ac3d57\" data-element_type=\"container\" data-e-type=\"container\">\n\t\t\t\t\t<div class=\"e-con-inner\">\n\t\t\t\t<div class=\"elementor-element elementor-element-8d00531 elementor-widget elementor-widget-text-editor\" data-id=\"8d00531\" data-element_type=\"widget\" data-e-type=\"widget\" data-widget_type=\"text-editor.default\">\n\t\t\t\t<div class=\"elementor-widget-container\">\n\t\t\t\t\t\t\t\t\t<p class=\"p1\">La Bastide tambi\u00e9n est\u00e1 abierta a ti: Puedes organizar aqu\u00ed tu taller privado, un grupo cerrado o una semana intensiva p\u00fablica. Ya sea para grupos de amigos, clubes, empresas o tu propio programa, estaremos encantados de ayudarte con la planificaci\u00f3n y, si lo deseas, con la publicidad en nuestro sitio web. <\/p>\t\t\t\t\t\t\t\t<\/div>\n\t\t\t\t<\/div>\n\t\t\t\t\t<\/div>\n\t\t\t\t<\/div>\n\t\t<div class=\"elementor-element elementor-element-85b958c e-flex e-con-boxed e-con e-parent\" data-id=\"85b958c\" data-element_type=\"container\" data-e-type=\"container\">\n\t\t\t\t\t<div class=\"e-con-inner\">\n\t\t\t\t<div class=\"elementor-element elementor-element-2f8cdb8 elementor-widget elementor-widget-spacer\" data-id=\"2f8cdb8\" data-element_type=\"widget\" data-e-type=\"widget\" data-widget_type=\"spacer.default\">\n\t\t\t\t<div class=\"elementor-widget-container\">\n\t\t\t\t\t\t\t<div class=\"elementor-spacer\">\n\t\t\t<div class=\"elementor-spacer-inner\"><\/div>\n\t\t<\/div>\n\t\t\t\t\t\t<\/div>\n\t\t\t\t<\/div>\n\t\t\t\t\t<\/div>\n\t\t\t\t<\/div>\n\t\t<div class=\"elementor-element elementor-element-e1380e1 e-flex e-con-boxed e-con e-parent\" data-id=\"e1380e1\" data-element_type=\"container\" data-e-type=\"container\">\n\t\t\t\t\t<div class=\"e-con-inner\">\n\t\t\t\t<div class=\"elementor-element elementor-element-635e911 elementor-widget elementor-widget-heading\" data-id=\"635e911\" data-element_type=\"widget\" data-e-type=\"widget\" data-widget_type=\"heading.default\">\n\t\t\t\t<div class=\"elementor-widget-container\">\n\t\t\t\t\t<h4 class=\"elementor-heading-title elementor-size-default\">OFERTAS P\u00daBLICAMENTE RESERVABLES<\/h4>\t\t\t\t<\/div>\n\t\t\t\t<\/div>\n\t\t\t\t\t<\/div>\n\t\t\t\t<\/div>\n\t\t<div class=\"elementor-element elementor-element-03e2892 e-grid e-con-boxed e-con e-parent\" data-id=\"03e2892\" data-element_type=\"container\" data-e-type=\"container\">\n\t\t\t\t\t<div class=\"e-con-inner\">\n\t\t<div class=\"elementor-element elementor-element-d2812a8 e-flex e-con-boxed e-con e-child\" data-id=\"d2812a8\" data-element_type=\"container\" data-e-type=\"container\">\n\t\t\t\t\t<div class=\"e-con-inner\">\n\t\t\t\t<div class=\"elementor-element elementor-element-4313852 elementor-widget elementor-widget-image\" data-id=\"4313852\" data-element_type=\"widget\" data-e-type=\"widget\" data-widget_type=\"image.default\">\n\t\t\t\t<div class=\"elementor-widget-container\">\n\t\t\t\t\t\t\t\t\t\t\t\t\t\t\t<img decoding=\"async\" width=\"800\" height=\"534\" src=\"https:\/\/labastide.info\/wp-content\/uploads\/2025\/08\/FECHTEN-1024x683.png\" class=\"attachment-large size-large wp-image-32815\" alt=\"\" srcset=\"https:\/\/labastide.info\/wp-content\/uploads\/2025\/08\/FECHTEN-1024x683.png 1024w, https:\/\/labastide.info\/wp-content\/uploads\/2025\/08\/FECHTEN-300x200.png 300w, https:\/\/labastide.info\/wp-content\/uploads\/2025\/08\/FECHTEN-768x512.png 768w, https:\/\/labastide.info\/wp-content\/uploads\/2025\/08\/FECHTEN.png 1536w\" sizes=\"(max-width: 800px) 100vw, 800px\" \/>\t\t\t\t\t\t\t\t\t\t\t\t\t\t\t<\/div>\n\t\t\t\t<\/div>\n\t\t\t\t\t<\/div>\n\t\t\t\t<\/div>\n\t\t<div class=\"elementor-element elementor-element-254f4d6 e-flex e-con-boxed e-con e-child\" data-id=\"254f4d6\" data-element_type=\"container\" data-e-type=\"container\">\n\t\t\t\t\t<div class=\"e-con-inner\">\n\t\t<div class=\"elementor-element elementor-element-40b62c4 e-con-full e-flex e-con e-child\" data-id=\"40b62c4\" data-element_type=\"container\" data-e-type=\"container\">\n\t\t\t\t<div class=\"elementor-element elementor-element-c390194 elementor-widget__width-initial elementor-widget-mobile__width-initial elementor-widget elementor-widget-heading\" data-id=\"c390194\" data-element_type=\"widget\" data-e-type=\"widget\" data-widget_type=\"heading.default\">\n\t\t\t\t<div class=\"elementor-widget-container\">\n\t\t\t\t\t<h4 class=\"elementor-heading-title elementor-size-default\">ESGRIMA<\/h4>\t\t\t\t<\/div>\n\t\t\t\t<\/div>\n\t\t\t\t<div class=\"elementor-element elementor-element-cc66429 elementor-widget elementor-widget-heading\" data-id=\"cc66429\" data-element_type=\"widget\" data-e-type=\"widget\" data-widget_type=\"heading.default\">\n\t\t\t\t<div class=\"elementor-widget-container\">\n\t\t\t\t\t<h4 class=\"elementor-heading-title elementor-size-default\">arte<\/h4>\t\t\t\t<\/div>\n\t\t\t\t<\/div>\n\t\t\t\t<\/div>\n\t\t\t\t<div class=\"elementor-element elementor-element-3bb0ee6 elementor-widget elementor-widget-heading\" data-id=\"3bb0ee6\" data-element_type=\"widget\" data-e-type=\"widget\" data-widget_type=\"heading.default\">\n\t\t\t\t<div class=\"elementor-widget-container\">\n\t\t\t\t\t<h4 class=\"elementor-heading-title elementor-size-default\">Curso de una semana del 11 al 17 de abril de 2026<\/h4>\t\t\t\t<\/div>\n\t\t\t\t<\/div>\n\t\t\t\t<div class=\"elementor-element elementor-element-ce948a7 elementor-widget elementor-widget-text-editor\" data-id=\"ce948a7\" data-element_type=\"widget\" data-e-type=\"widget\" data-widget_type=\"text-editor.default\">\n\t\t\t\t<div class=\"elementor-widget-container\">\n\t\t\t\t\t\t\t\t\t<p class=\"p1\"><b>Semana intensiva con Ma\u00eetre Gabriel Nielaba &#8211; precisi\u00f3n, presencia, pasi\u00f3n<\/b><b><\/b><\/p><p class=\"p3\">Sum\u00e9rgete en una semana especial en plena naturaleza, en el sur de Francia: una semana intensiva de esgrima con Ma\u00eetre Gabriel Nielaba, entrenador jefe de esgrima del Club de Esgrima de Berna desde hace muchos a\u00f1os. Entrena en un grupo reducido, disfruta del trabajo concentrado, de nuevos impulsos y de mucho espacio para el di\u00e1logo, la naturaleza y la relajaci\u00f3n. <\/p>\t\t\t\t\t\t\t\t<\/div>\n\t\t\t\t<\/div>\n\t\t\t\t<div class=\"elementor-element elementor-element-f25a8e0 elementor-align-center elementor-widget elementor-widget-button\" data-id=\"f25a8e0\" data-element_type=\"widget\" data-e-type=\"widget\" data-widget_type=\"button.default\">\n\t\t\t\t<div class=\"elementor-widget-container\">\n\t\t\t\t\t\t\t\t\t<div class=\"elementor-button-wrapper\">\n\t\t\t\t\t<a class=\"elementor-button elementor-button-link elementor-size-sm\" href=\"https:\/\/labastide.info\/es\/sobre-mi\/\" target=\"_blank\">\n\t\t\t\t\t\t<span class=\"elementor-button-content-wrapper\">\n\t\t\t\t\t\t\t\t\t<span class=\"elementor-button-text\">SABER MAS<\/span>\n\t\t\t\t\t<\/span>\n\t\t\t\t\t<\/a>\n\t\t\t\t<\/div>\n\t\t\t\t\t\t\t\t<\/div>\n\t\t\t\t<\/div>\n\t\t\t\t\t<\/div>\n\t\t\t\t<\/div>\n\t\t\t\t\t<\/div>\n\t\t\t\t<\/div>\n\t\t<div class=\"elementor-element elementor-element-88f01ba e-flex e-con-boxed e-con e-parent\" data-id=\"88f01ba\" data-element_type=\"container\" data-e-type=\"container\">\n\t\t\t\t\t<div class=\"e-con-inner\">\n\t\t\t\t<div class=\"elementor-element elementor-element-237c80c elementor-widget elementor-widget-spacer\" data-id=\"237c80c\" data-element_type=\"widget\" data-e-type=\"widget\" data-widget_type=\"spacer.default\">\n\t\t\t\t<div class=\"elementor-widget-container\">\n\t\t\t\t\t\t\t<div class=\"elementor-spacer\">\n\t\t\t<div class=\"elementor-spacer-inner\"><\/div>\n\t\t<\/div>\n\t\t\t\t\t\t<\/div>\n\t\t\t\t<\/div>\n\t\t\t\t\t<\/div>\n\t\t\t\t<\/div>\n\t\t\t\t<\/div>\n\t\t","protected":false},"excerpt":{"rendered":"<p>LA BASTIDE Cursos CURSOS Y SEMANAS INTENSIVAS EN LA BASTIDE La Bastide es m\u00e1s que un lugar de descanso: es un espacio de desarrollo, intercambio e inspiraci\u00f3n. En plena naturaleza, en el sur de Francia, te invitamos a participar en cursos especiales y semanas intensivas que tocan tu cuerpo, tu mente y tu alma. Los [&hellip;]<\/p>\n","protected":false},"author":2,"featured_media":0,"parent":0,"menu_order":0,"comment_status":"closed","ping_status":"closed","template":"elementor_header_footer","meta":{"_mo_disable_npp":"","footnotes":""},"folder":[],"class_list":["post-32957","page","type-page","status-publish","hentry"],"yoast_head":"<!-- This site is optimized with the Yoast SEO Premium plugin v25.8 (Yoast SEO v27.4) - https:\/\/yoast.com\/product\/yoast-seo-premium-wordpress\/ -->\n<title>CURSOS - La Bastide<\/title>\n<meta name=\"robots\" content=\"index, follow, max-snippet:-1, max-image-preview:large, max-video-preview:-1\" \/>\n<link rel=\"canonical\" href=\"https:\/\/labastide.info\/es\/cursos\/\" \/>\n<meta property=\"og:locale\" content=\"es_ES\" \/>\n<meta property=\"og:type\" content=\"article\" \/>\n<meta property=\"og:title\" content=\"CURSOS\" \/>\n<meta property=\"og:description\" content=\"LA BASTIDE Cursos CURSOS Y SEMANAS INTENSIVAS EN LA BASTIDE La Bastide es m\u00e1s que un lugar de descanso: es un espacio de desarrollo, intercambio e inspiraci\u00f3n. En plena naturaleza, en el sur de Francia, te invitamos a participar en cursos especiales y semanas intensivas que tocan tu cuerpo, tu mente y tu alma. Los [&hellip;]\" \/>\n<meta property=\"og:url\" content=\"https:\/\/labastide.info\/es\/cursos\/\" \/>\n<meta property=\"og:site_name\" content=\"La Bastide\" \/>\n<meta property=\"article:publisher\" content=\"https:\/\/www.facebook.com\/profile.php?id=61559946487956&amp;locale=de_DE\" \/>\n<meta property=\"article:modified_time\" content=\"2026-01-04T12:22:33+00:00\" \/>\n<meta property=\"og:image\" content=\"https:\/\/labastide.info\/wp-content\/uploads\/2024\/05\/GRUPPEN_BANNER.jpg\" \/>\n\t<meta property=\"og:image:width\" content=\"1920\" \/>\n\t<meta property=\"og:image:height\" content=\"600\" \/>\n\t<meta property=\"og:image:type\" content=\"image\/webp\" \/>\n<meta name=\"twitter:card\" content=\"summary_large_image\" \/>\n<meta name=\"twitter:label1\" content=\"Tiempo de lectura\" \/>\n\t<meta name=\"twitter:data1\" content=\"1 minuto\" \/>\n<script type=\"application\/ld+json\" class=\"yoast-schema-graph\">{\"@context\":\"https:\\\/\\\/schema.org\",\"@graph\":[{\"@type\":\"WebPage\",\"@id\":\"https:\\\/\\\/labastide.info\\\/es\\\/cursos\\\/\",\"url\":\"https:\\\/\\\/labastide.info\\\/es\\\/cursos\\\/\",\"name\":\"CURSOS - La Bastide\",\"isPartOf\":{\"@id\":\"https:\\\/\\\/labastide.info\\\/es\\\/#website\"},\"primaryImageOfPage\":{\"@id\":\"https:\\\/\\\/labastide.info\\\/es\\\/cursos\\\/#primaryimage\"},\"image\":{\"@id\":\"https:\\\/\\\/labastide.info\\\/es\\\/cursos\\\/#primaryimage\"},\"thumbnailUrl\":\"https:\\\/\\\/labastide.info\\\/wp-content\\\/uploads\\\/2024\\\/05\\\/GRUPPEN_BANNER.jpg\",\"datePublished\":\"2025-08-28T15:06:59+00:00\",\"dateModified\":\"2026-01-04T12:22:33+00:00\",\"breadcrumb\":{\"@id\":\"https:\\\/\\\/labastide.info\\\/es\\\/cursos\\\/#breadcrumb\"},\"inLanguage\":\"es\",\"potentialAction\":[{\"@type\":\"ReadAction\",\"target\":[\"https:\\\/\\\/labastide.info\\\/es\\\/cursos\\\/\"]}]},{\"@type\":\"ImageObject\",\"inLanguage\":\"es\",\"@id\":\"https:\\\/\\\/labastide.info\\\/es\\\/cursos\\\/#primaryimage\",\"url\":\"https:\\\/\\\/labastide.info\\\/wp-content\\\/uploads\\\/2024\\\/05\\\/GRUPPEN_BANNER.jpg\",\"contentUrl\":\"https:\\\/\\\/labastide.info\\\/wp-content\\\/uploads\\\/2024\\\/05\\\/GRUPPEN_BANNER.jpg\"},{\"@type\":\"BreadcrumbList\",\"@id\":\"https:\\\/\\\/labastide.info\\\/es\\\/cursos\\\/#breadcrumb\",\"itemListElement\":[{\"@type\":\"ListItem\",\"position\":1,\"name\":\"P\u00e1gina de inicio\",\"item\":\"https:\\\/\\\/labastide.info\\\/es\\\/inicio\\\/\"},{\"@type\":\"ListItem\",\"position\":2,\"name\":\"CURSOS\"}]},{\"@type\":\"WebSite\",\"@id\":\"https:\\\/\\\/labastide.info\\\/es\\\/#website\",\"url\":\"https:\\\/\\\/labastide.info\\\/es\\\/\",\"name\":\"La Bastide\",\"description\":\"De vuelta a las ra\u00edces\\n\",\"publisher\":{\"@id\":\"https:\\\/\\\/labastide.info\\\/es\\\/#organization\"},\"potentialAction\":[{\"@type\":\"SearchAction\",\"target\":{\"@type\":\"EntryPoint\",\"urlTemplate\":\"https:\\\/\\\/labastide.info\\\/es\\\/?s={search_term_string}\"},\"query-input\":{\"@type\":\"PropertyValueSpecification\",\"valueRequired\":true,\"valueName\":\"search_term_string\"}}],\"inLanguage\":\"es\"},{\"@type\":\"Organization\",\"@id\":\"https:\\\/\\\/labastide.info\\\/es\\\/#organization\",\"name\":\"La Bastide\",\"url\":\"https:\\\/\\\/labastide.info\\\/es\\\/\",\"logo\":{\"@type\":\"ImageObject\",\"inLanguage\":\"es\",\"@id\":\"https:\\\/\\\/labastide.info\\\/es\\\/#\\\/schema\\\/logo\\\/image\\\/\",\"url\":\"https:\\\/\\\/labastide.info\\\/wp-content\\\/uploads\\\/2022\\\/08\\\/Logo-La-Bastide.webp\",\"contentUrl\":\"https:\\\/\\\/labastide.info\\\/wp-content\\\/uploads\\\/2022\\\/08\\\/Logo-La-Bastide.webp\",\"width\":1748,\"height\":591,\"caption\":\"La Bastide\"},\"image\":{\"@id\":\"https:\\\/\\\/labastide.info\\\/es\\\/#\\\/schema\\\/logo\\\/image\\\/\"},\"sameAs\":[\"https:\\\/\\\/www.facebook.com\\\/profile.php?id=61559946487956&locale=de_DE\"]}]}<\/script>\n<!-- \/ Yoast SEO Premium plugin. -->","yoast_head_json":{"title":"CURSOS - La Bastide","robots":{"index":"index","follow":"follow","max-snippet":"max-snippet:-1","max-image-preview":"max-image-preview:large","max-video-preview":"max-video-preview:-1"},"canonical":"https:\/\/labastide.info\/es\/cursos\/","og_locale":"es_ES","og_type":"article","og_title":"CURSOS","og_description":"LA BASTIDE Cursos CURSOS Y SEMANAS INTENSIVAS EN LA BASTIDE La Bastide es m\u00e1s que un lugar de descanso: es un espacio de desarrollo, intercambio e inspiraci\u00f3n. En plena naturaleza, en el sur de Francia, te invitamos a participar en cursos especiales y semanas intensivas que tocan tu cuerpo, tu mente y tu alma. Los [&hellip;]","og_url":"https:\/\/labastide.info\/es\/cursos\/","og_site_name":"La Bastide","article_publisher":"https:\/\/www.facebook.com\/profile.php?id=61559946487956&locale=de_DE","article_modified_time":"2026-01-04T12:22:33+00:00","og_image":[{"width":1920,"height":600,"url":"https:\/\/labastide.info\/wp-content\/uploads\/2024\/05\/GRUPPEN_BANNER.jpg","type":"image\/webp"}],"twitter_card":"summary_large_image","twitter_misc":{"Tiempo de lectura":"1 minuto"},"schema":{"@context":"https:\/\/schema.org","@graph":[{"@type":"WebPage","@id":"https:\/\/labastide.info\/es\/cursos\/","url":"https:\/\/labastide.info\/es\/cursos\/","name":"CURSOS - La Bastide","isPartOf":{"@id":"https:\/\/labastide.info\/es\/#website"},"primaryImageOfPage":{"@id":"https:\/\/labastide.info\/es\/cursos\/#primaryimage"},"image":{"@id":"https:\/\/labastide.info\/es\/cursos\/#primaryimage"},"thumbnailUrl":"https:\/\/labastide.info\/wp-content\/uploads\/2024\/05\/GRUPPEN_BANNER.jpg","datePublished":"2025-08-28T15:06:59+00:00","dateModified":"2026-01-04T12:22:33+00:00","breadcrumb":{"@id":"https:\/\/labastide.info\/es\/cursos\/#breadcrumb"},"inLanguage":"es","potentialAction":[{"@type":"ReadAction","target":["https:\/\/labastide.info\/es\/cursos\/"]}]},{"@type":"ImageObject","inLanguage":"es","@id":"https:\/\/labastide.info\/es\/cursos\/#primaryimage","url":"https:\/\/labastide.info\/wp-content\/uploads\/2024\/05\/GRUPPEN_BANNER.jpg","contentUrl":"https:\/\/labastide.info\/wp-content\/uploads\/2024\/05\/GRUPPEN_BANNER.jpg"},{"@type":"BreadcrumbList","@id":"https:\/\/labastide.info\/es\/cursos\/#breadcrumb","itemListElement":[{"@type":"ListItem","position":1,"name":"P\u00e1gina de inicio","item":"https:\/\/labastide.info\/es\/inicio\/"},{"@type":"ListItem","position":2,"name":"CURSOS"}]},{"@type":"WebSite","@id":"https:\/\/labastide.info\/es\/#website","url":"https:\/\/labastide.info\/es\/","name":"La Bastide","description":"De vuelta a las ra\u00edces\n","publisher":{"@id":"https:\/\/labastide.info\/es\/#organization"},"potentialAction":[{"@type":"SearchAction","target":{"@type":"EntryPoint","urlTemplate":"https:\/\/labastide.info\/es\/?s={search_term_string}"},"query-input":{"@type":"PropertyValueSpecification","valueRequired":true,"valueName":"search_term_string"}}],"inLanguage":"es"},{"@type":"Organization","@id":"https:\/\/labastide.info\/es\/#organization","name":"La Bastide","url":"https:\/\/labastide.info\/es\/","logo":{"@type":"ImageObject","inLanguage":"es","@id":"https:\/\/labastide.info\/es\/#\/schema\/logo\/image\/","url":"https:\/\/labastide.info\/wp-content\/uploads\/2022\/08\/Logo-La-Bastide.webp","contentUrl":"https:\/\/labastide.info\/wp-content\/uploads\/2022\/08\/Logo-La-Bastide.webp","width":1748,"height":591,"caption":"La Bastide"},"image":{"@id":"https:\/\/labastide.info\/es\/#\/schema\/logo\/image\/"},"sameAs":["https:\/\/www.facebook.com\/profile.php?id=61559946487956&locale=de_DE"]}]}},"_links":{"self":[{"href":"https:\/\/labastide.info\/es\/wp-json\/wp\/v2\/pages\/32957","targetHints":{"allow":["GET"]}}],"collection":[{"href":"https:\/\/labastide.info\/es\/wp-json\/wp\/v2\/pages"}],"about":[{"href":"https:\/\/labastide.info\/es\/wp-json\/wp\/v2\/types\/page"}],"author":[{"embeddable":true,"href":"https:\/\/labastide.info\/es\/wp-json\/wp\/v2\/users\/2"}],"replies":[{"embeddable":true,"href":"https:\/\/labastide.info\/es\/wp-json\/wp\/v2\/comments?post=32957"}],"version-history":[{"count":2,"href":"https:\/\/labastide.info\/es\/wp-json\/wp\/v2\/pages\/32957\/revisions"}],"predecessor-version":[{"id":33481,"href":"https:\/\/labastide.info\/es\/wp-json\/wp\/v2\/pages\/32957\/revisions\/33481"}],"wp:attachment":[{"href":"https:\/\/labastide.info\/es\/wp-json\/wp\/v2\/media?parent=32957"}],"wp:term":[{"taxonomy":"folder","embeddable":true,"href":"https:\/\/labastide.info\/es\/wp-json\/wp\/v2\/folder?post=32957"}],"curies":[{"name":"wp","href":"https:\/\/api.w.org\/{rel}","templated":true}]}}