{"id":10368,"date":"2022-08-01T15:01:23","date_gmt":"2022-08-01T15:01:23","guid":{"rendered":"https:\/\/labastide.info\/contact\/"},"modified":"2025-10-17T09:08:45","modified_gmt":"2025-10-17T09:08:45","slug":"contact","status":"publish","type":"page","link":"https:\/\/labastide.info\/fr\/contact\/","title":{"rendered":"CONTACT"},"content":{"rendered":"\t\t<div data-elementor-type=\"wp-page\" data-elementor-id=\"10368\" class=\"elementor elementor-10368 elementor-182\" data-elementor-post-type=\"page\">\n\t\t\t\t<div class=\"elementor-element elementor-element-adcd7ca e-con-full e-flex e-con e-parent\" data-id=\"adcd7ca\" data-element_type=\"container\" data-e-type=\"container\">\n\t\t\t\t<div class=\"elementor-element elementor-element-ae5dff5 elementor-widget elementor-widget-image\" data-id=\"ae5dff5\" data-element_type=\"widget\" data-e-type=\"widget\" data-widget_type=\"image.default\">\n\t\t\t\t<div class=\"elementor-widget-container\">\n\t\t\t\t\t\t\t\t\t\t\t\t\t\t\t<img fetchpriority=\"high\" decoding=\"async\" width=\"1920\" height=\"600\" src=\"https:\/\/labastide.info\/wp-content\/uploads\/2024\/05\/Dronenfotos_-10-scaled.webp\" class=\"attachment-full size-full wp-image-8440\" alt=\"G\u00eete avec piscine \u00e0 La Bastide, Occitanie\" srcset=\"https:\/\/labastide.info\/wp-content\/uploads\/2024\/05\/Dronenfotos_-10-scaled.webp 1920w, https:\/\/labastide.info\/wp-content\/uploads\/2024\/05\/Dronenfotos_-10-300x94.webp 300w, https:\/\/labastide.info\/wp-content\/uploads\/2024\/05\/Dronenfotos_-10-1024x320.webp 1024w, https:\/\/labastide.info\/wp-content\/uploads\/2024\/05\/Dronenfotos_-10-768x240.webp 768w\" sizes=\"(max-width: 1920px) 100vw, 1920px\" \/>\t\t\t\t\t\t\t\t\t\t\t\t\t\t\t<\/div>\n\t\t\t\t<\/div>\n\t\t\t\t<\/div>\n\t\t\t\t<section class=\"elementor-section elementor-top-section elementor-element elementor-element-7da5463 elementor-section-boxed elementor-section-height-default elementor-section-height-default\" data-id=\"7da5463\" data-element_type=\"section\" data-e-type=\"section\">\n\t\t\t\t\t\t<div class=\"elementor-container elementor-column-gap-default\">\n\t\t\t\t\t<div class=\"elementor-column elementor-col-100 elementor-top-column elementor-element elementor-element-bd0d6c1\" data-id=\"bd0d6c1\" data-element_type=\"column\" data-e-type=\"column\">\n\t\t\t<div class=\"elementor-widget-wrap elementor-element-populated\">\n\t\t\t\t\t\t<div class=\"elementor-element elementor-element-80e14d8 elementor-widget elementor-widget-spacer\" data-id=\"80e14d8\" data-element_type=\"widget\" data-e-type=\"widget\" data-widget_type=\"spacer.default\">\n\t\t\t\t<div class=\"elementor-widget-container\">\n\t\t\t\t\t\t\t<div class=\"elementor-spacer\">\n\t\t\t<div class=\"elementor-spacer-inner\"><\/div>\n\t\t<\/div>\n\t\t\t\t\t\t<\/div>\n\t\t\t\t<\/div>\n\t\t\t\t\t<\/div>\n\t\t<\/div>\n\t\t\t\t\t<\/div>\n\t\t<\/section>\n\t\t<div class=\"elementor-element elementor-element-67d867c e-flex e-con-boxed e-con e-parent\" data-id=\"67d867c\" data-element_type=\"container\" data-e-type=\"container\">\n\t\t\t\t\t<div class=\"e-con-inner\">\n\t\t\t\t<div class=\"elementor-element elementor-element-07b9691 elementor-widget elementor-widget-heading\" data-id=\"07b9691\" data-element_type=\"widget\" data-e-type=\"widget\" data-widget_type=\"heading.default\">\n\t\t\t\t<div class=\"elementor-widget-container\">\n\t\t\t\t\t<h2 class=\"elementor-heading-title elementor-size-default\">Contact<\/h2>\t\t\t\t<\/div>\n\t\t\t\t<\/div>\n\t\t\t\t\t<\/div>\n\t\t\t\t<\/div>\n\t\t<div class=\"elementor-element elementor-element-b7c40c5 e-flex e-con-boxed e-con e-parent\" data-id=\"b7c40c5\" data-element_type=\"container\" data-e-type=\"container\">\n\t\t\t\t\t<div class=\"e-con-inner\">\n\t\t<div class=\"elementor-element elementor-element-aa44e9d e-con-full e-flex e-con e-child\" data-id=\"aa44e9d\" data-element_type=\"container\" data-e-type=\"container\">\n\t\t\t\t<div class=\"elementor-element elementor-element-56143c9 elementor-widget elementor-widget-spacer\" data-id=\"56143c9\" data-element_type=\"widget\" data-e-type=\"widget\" data-widget_type=\"spacer.default\">\n\t\t\t\t<div class=\"elementor-widget-container\">\n\t\t\t\t\t\t\t<div class=\"elementor-spacer\">\n\t\t\t<div class=\"elementor-spacer-inner\"><\/div>\n\t\t<\/div>\n\t\t\t\t\t\t<\/div>\n\t\t\t\t<\/div>\n\t\t\t\t<\/div>\n\t\t\t\t\t<\/div>\n\t\t\t\t<\/div>\n\t\t<div class=\"elementor-element elementor-element-53d51cb e-flex e-con-boxed e-con e-parent\" data-id=\"53d51cb\" data-element_type=\"container\" data-e-type=\"container\">\n\t\t\t\t\t<div class=\"e-con-inner\">\n\t\t<div class=\"elementor-element elementor-element-4acb582 e-con-full e-flex e-con e-child\" data-id=\"4acb582\" data-element_type=\"container\" data-e-type=\"container\">\n\t\t\t\t<div class=\"elementor-element elementor-element-2de9e66 elementor-widget elementor-widget-text-editor\" data-id=\"2de9e66\" data-element_type=\"widget\" data-e-type=\"widget\" data-widget_type=\"text-editor.default\">\n\t\t\t\t<div class=\"elementor-widget-container\">\n\t\t\t\t\t\t\t\t\t<p>Nous sommes impatients de recevoir de tes nouvelles. Si tu as des questions, des id\u00e9es, des souhaits ou des r\u00eaves, partage-les avec nous !<\/p>\t\t\t\t\t\t\t\t<\/div>\n\t\t\t\t<\/div>\n\t\t\t\t<\/div>\n\t\t\t\t\t<\/div>\n\t\t\t\t<\/div>\n\t\t<div class=\"elementor-element elementor-element-18aa7c3 e-flex e-con-boxed e-con e-parent\" data-id=\"18aa7c3\" data-element_type=\"container\" data-e-type=\"container\">\n\t\t\t\t\t<div class=\"e-con-inner\">\n\t\t\t\t<div class=\"elementor-element elementor-element-0ff8d0e elementor-button-align-stretch elementor-widget elementor-widget-form\" data-id=\"0ff8d0e\" data-element_type=\"widget\" data-e-type=\"widget\" data-settings=\"{&quot;step_next_label&quot;:&quot;Suivant&quot;,&quot;step_previous_label&quot;:&quot;Pr\\u00e9cedent&quot;,&quot;button_width&quot;:&quot;100&quot;,&quot;step_type&quot;:&quot;number_text&quot;,&quot;step_icon_shape&quot;:&quot;circle&quot;}\" data-widget_type=\"form.default\">\n\t\t\t\t<div class=\"elementor-widget-container\">\n\t\t\t\t\t\t\t<form class=\"elementor-form\" method=\"post\" name=\"Nouveau formulaire\" aria-label=\"Nouveau formulaire\">\n\t\t\t<input type=\"hidden\" name=\"post_id\" value=\"10368\"\/>\n\t\t\t<input type=\"hidden\" name=\"form_id\" value=\"0ff8d0e\"\/>\n\t\t\t<input type=\"hidden\" name=\"referer_title\" value=\"CONTACT - La Bastide\" \/>\n\n\t\t\t\t\t\t\t<input type=\"hidden\" name=\"queried_id\" value=\"10368\"\/>\n\t\t\t\n\t\t\t<div class=\"elementor-form-fields-wrapper elementor-labels-\">\n\t\t\t\t\t\t\t\t<div class=\"elementor-field-type-text elementor-field-group elementor-column elementor-field-group-name elementor-col-100\">\n\t\t\t\t\t\t\t\t\t\t\t\t<label for=\"form-field-name\" class=\"elementor-field-label elementor-screen-only\">\n\t\t\t\t\t\t\t\tNom\t\t\t\t\t\t\t<\/label>\n\t\t\t\t\t\t\t\t\t\t\t\t\t\t<input size=\"1\" type=\"text\" name=\"form_fields[name]\" id=\"form-field-name\" class=\"elementor-field elementor-size-sm  elementor-field-textual\" placeholder=\"Nom\">\n\t\t\t\t\t\t\t\t\t\t\t<\/div>\n\t\t\t\t\t\t\t\t<div class=\"elementor-field-type-text elementor-field-group elementor-column elementor-field-group-field_49e2b71 elementor-col-100\">\n\t\t\t\t\t\t\t\t\t\t\t\t\t<input size=\"1\" type=\"text\" name=\"form_fields[field_49e2b71]\" id=\"form-field-field_49e2b71\" class=\"elementor-field elementor-size-sm  elementor-field-textual\" placeholder=\"Pr\u00e9nom\">\n\t\t\t\t\t\t\t\t\t\t\t<\/div>\n\t\t\t\t\t\t\t\t<div class=\"elementor-field-type-email elementor-field-group elementor-column elementor-field-group-email elementor-col-100 elementor-field-required\">\n\t\t\t\t\t\t\t\t\t\t\t\t<label for=\"form-field-email\" class=\"elementor-field-label elementor-screen-only\">\n\t\t\t\t\t\t\t\tMail\t\t\t\t\t\t\t<\/label>\n\t\t\t\t\t\t\t\t\t\t\t\t\t\t<input size=\"1\" type=\"email\" name=\"form_fields[email]\" id=\"form-field-email\" class=\"elementor-field elementor-size-sm  elementor-field-textual\" placeholder=\"Mail\" required=\"required\">\n\t\t\t\t\t\t\t\t\t\t\t<\/div>\n\t\t\t\t\t\t\t\t<div class=\"elementor-field-type-textarea elementor-field-group elementor-column elementor-field-group-message elementor-col-100\">\n\t\t\t\t\t\t\t\t\t\t\t\t<label for=\"form-field-message\" class=\"elementor-field-label elementor-screen-only\">\n\t\t\t\t\t\t\t\tMessage\t\t\t\t\t\t\t<\/label>\n\t\t\t\t\t\t<textarea class=\"elementor-field-textual elementor-field  elementor-size-sm\" name=\"form_fields[message]\" id=\"form-field-message\" rows=\"4\" placeholder=\"Message\"><\/textarea>\t\t\t\t<\/div>\n\t\t\t\t\t\t\t\t<div class=\"elementor-field-type-recaptcha_v3 elementor-field-group elementor-column elementor-field-group-field_698e6c0 elementor-col-100 recaptcha_v3-bottomright\">\n\t\t\t\t\t<div class=\"elementor-field\" id=\"form-field-field_698e6c0\"><div class=\"elementor-g-recaptcha\" data-sitekey=\"6LfPDRgqAAAAAMH64inBLLYzaKooKq5cdvs7vm6k\" data-type=\"v3\" data-action=\"Form\" data-badge=\"bottomright\" data-size=\"invisible\"><\/div><\/div>\t\t\t\t<\/div>\n\t\t\t\t\t\t\t\t<div class=\"elementor-field-group elementor-column elementor-field-type-submit elementor-col-100 e-form__buttons\">\n\t\t\t\t\t<button class=\"elementor-button elementor-size-sm\" type=\"submit\">\n\t\t\t\t\t\t<span class=\"elementor-button-content-wrapper\">\n\t\t\t\t\t\t\t\t\t\t\t\t\t\t\t\t\t\t\t\t\t\t<span class=\"elementor-button-text\">Envoyer<\/span>\n\t\t\t\t\t\t\t\t\t\t\t\t\t<\/span>\n\t\t\t\t\t<\/button>\n\t\t\t\t<\/div>\n\t\t\t<\/div>\n\t\t<\/form>\n\t\t\t\t\t\t<\/div>\n\t\t\t\t<\/div>\n\t\t\t\t\t<\/div>\n\t\t\t\t<\/div>\n\t\t<div class=\"elementor-element elementor-element-a55f0b0 e-flex e-con-boxed e-con e-parent\" data-id=\"a55f0b0\" data-element_type=\"container\" data-e-type=\"container\">\n\t\t\t\t\t<div class=\"e-con-inner\">\n\t\t<div class=\"elementor-element elementor-element-ee0241b e-con-full e-flex e-con e-child\" data-id=\"ee0241b\" data-element_type=\"container\" data-e-type=\"container\">\n\t\t\t\t<div class=\"elementor-element elementor-element-b4e815f elementor-widget elementor-widget-spacer\" data-id=\"b4e815f\" data-element_type=\"widget\" data-e-type=\"widget\" data-widget_type=\"spacer.default\">\n\t\t\t\t<div class=\"elementor-widget-container\">\n\t\t\t\t\t\t\t<div class=\"elementor-spacer\">\n\t\t\t<div class=\"elementor-spacer-inner\"><\/div>\n\t\t<\/div>\n\t\t\t\t\t\t<\/div>\n\t\t\t\t<\/div>\n\t\t\t\t<\/div>\n\t\t\t\t\t<\/div>\n\t\t\t\t<\/div>\n\t\t<div class=\"elementor-element elementor-element-08eb991 e-flex e-con-boxed e-con e-parent\" data-id=\"08eb991\" data-element_type=\"container\" data-e-type=\"container\">\n\t\t\t\t\t<div class=\"e-con-inner\">\n\t\t\t\t<div class=\"elementor-element elementor-element-bcd6942 elementor-widget elementor-widget-heading\" data-id=\"bcd6942\" data-element_type=\"widget\" data-e-type=\"widget\" data-widget_type=\"heading.default\">\n\t\t\t\t<div class=\"elementor-widget-container\">\n\t\t\t\t\t<h2 class=\"elementor-heading-title elementor-size-default\">Lieu<\/h2>\t\t\t\t<\/div>\n\t\t\t\t<\/div>\n\t\t\t\t\t<\/div>\n\t\t\t\t<\/div>\n\t\t<div class=\"elementor-element elementor-element-b5f0103 e-flex e-con-boxed e-con e-parent\" data-id=\"b5f0103\" data-element_type=\"container\" data-e-type=\"container\">\n\t\t\t\t\t<div class=\"e-con-inner\">\n\t\t<div class=\"elementor-element elementor-element-ac3fe61 e-con-full e-flex e-con e-child\" data-id=\"ac3fe61\" data-element_type=\"container\" data-e-type=\"container\">\n\t\t\t\t<div class=\"elementor-element elementor-element-27e6787 elementor-widget elementor-widget-spacer\" data-id=\"27e6787\" data-element_type=\"widget\" data-e-type=\"widget\" data-widget_type=\"spacer.default\">\n\t\t\t\t<div class=\"elementor-widget-container\">\n\t\t\t\t\t\t\t<div class=\"elementor-spacer\">\n\t\t\t<div class=\"elementor-spacer-inner\"><\/div>\n\t\t<\/div>\n\t\t\t\t\t\t<\/div>\n\t\t\t\t<\/div>\n\t\t\t\t<\/div>\n\t\t\t\t\t<\/div>\n\t\t\t\t<\/div>\n\t\t<div class=\"elementor-element elementor-element-b950aad e-flex e-con-boxed e-con e-parent\" data-id=\"b950aad\" data-element_type=\"container\" data-e-type=\"container\">\n\t\t\t\t\t<div class=\"e-con-inner\">\n\t\t<div class=\"elementor-element elementor-element-f33a6f9 e-con-full e-flex e-con e-child\" data-id=\"f33a6f9\" data-element_type=\"container\" data-e-type=\"container\">\n\t\t\t\t<div class=\"elementor-element elementor-element-d48329a elementor-widget elementor-widget-text-editor\" data-id=\"d48329a\" data-element_type=\"widget\" data-e-type=\"widget\" data-widget_type=\"text-editor.default\">\n\t\t\t\t<div class=\"elementor-widget-container\">\n\t\t\t\t\t\t\t\t\t<p><b>Indication pour l&#8217;arriv\u00e9e avec GPS<\/b><\/p><p class=\"p3\">S&#8217;il te pla\u00eet, indique d&#8217;abord <span class=\"s2\"><b>\u00ab Puycalvel (Tarn) \u00bb.<\/b><\/span> Entre dans le syst\u00e8me de navigation &#8211; et non pas <span class=\"s2\"><b>pas directement notre adresse<\/b><\/span>.<\/p><p><span class=\"s3\">C&#8217;est la seule fa\u00e7on d \u00ab \u00e9viter que ton GPS te fasse traverser des <\/span><b>Les chemins de terre non goudronn\u00e9s<\/b><span class=\"s3\"> Tu seras guid\u00e9. <\/span><b>Depuis le village, le GPS te guidera en toute s\u00e9curit\u00e9 jusqu \u00bb \u00e0 nous.<\/b><\/p>\t\t\t\t\t\t\t\t<\/div>\n\t\t\t\t<\/div>\n\t\t\t\t<div class=\"elementor-element elementor-element-4ed6561 elementor-widget elementor-widget-spacer\" data-id=\"4ed6561\" data-element_type=\"widget\" data-e-type=\"widget\" data-widget_type=\"spacer.default\">\n\t\t\t\t<div class=\"elementor-widget-container\">\n\t\t\t\t\t\t\t<div class=\"elementor-spacer\">\n\t\t\t<div class=\"elementor-spacer-inner\"><\/div>\n\t\t<\/div>\n\t\t\t\t\t\t<\/div>\n\t\t\t\t<\/div>\n\t\t\t\t<div class=\"elementor-element elementor-element-d240233 elementor-widget elementor-widget-google_maps\" data-id=\"d240233\" data-element_type=\"widget\" data-e-type=\"widget\" data-widget_type=\"google_maps.default\">\n\t\t\t\t<div class=\"elementor-widget-container\">\n\t\t\t\t\t\t\t<div class=\"elementor-custom-embed\">\n\t\t\t<iframe loading=\"lazy\"\n\t\t\t\t\tsrc=\"https:\/\/maps.google.com\/maps?q=La%20Bastide%2C%2081440%20Puycalvel&#038;t=m&#038;z=10&#038;output=embed&#038;iwloc=near\"\n\t\t\t\t\ttitle=\"La Bastide, 81440 Puycalvel\"\n\t\t\t\t\taria-label=\"La Bastide, 81440 Puycalvel\"\n\t\t\t><\/iframe>\n\t\t<\/div>\n\t\t\t\t\t\t<\/div>\n\t\t\t\t<\/div>\n\t\t\t\t<\/div>\n\t\t\t\t\t<\/div>\n\t\t\t\t<\/div>\n\t\t<div class=\"elementor-element elementor-element-c08e705 e-flex e-con-boxed e-con e-parent\" data-id=\"c08e705\" data-element_type=\"container\" data-e-type=\"container\">\n\t\t\t\t\t<div class=\"e-con-inner\">\n\t\t\t\t<div class=\"elementor-element elementor-element-5a2ce94 elementor-widget elementor-widget-spacer\" data-id=\"5a2ce94\" data-element_type=\"widget\" data-e-type=\"widget\" data-widget_type=\"spacer.default\">\n\t\t\t\t<div class=\"elementor-widget-container\">\n\t\t\t\t\t\t\t<div class=\"elementor-spacer\">\n\t\t\t<div class=\"elementor-spacer-inner\"><\/div>\n\t\t<\/div>\n\t\t\t\t\t\t<\/div>\n\t\t\t\t<\/div>\n\t\t\t\t\t<\/div>\n\t\t\t\t<\/div>\n\t\t\t\t<\/div>\n\t\t","protected":false},"excerpt":{"rendered":"<p>Contact Nous sommes impatients de recevoir de tes nouvelles. Si tu as des questions, des id\u00e9es, des souhaits ou des r\u00eaves, partage-les avec nous ! Lieu Indication pour l&#8217;arriv\u00e9e avec GPS S&#8217;il te pla\u00eet, indique d&#8217;abord \u00ab Puycalvel (Tarn) \u00bb. Entre dans le syst\u00e8me de navigation &#8211; et non pas pas directement notre adresse. C&#8217;est [&hellip;]<\/p>\n","protected":false},"author":2,"featured_media":0,"parent":0,"menu_order":0,"comment_status":"closed","ping_status":"closed","template":"elementor_header_footer","meta":{"_mo_disable_npp":"","footnotes":""},"folder":[],"class_list":["post-10368","page","type-page","status-publish","hentry"],"yoast_head":"<!-- This site is optimized with the Yoast SEO Premium plugin v25.8 (Yoast SEO v27.4) - https:\/\/yoast.com\/product\/yoast-seo-premium-wordpress\/ -->\n<title>CONTACT - La Bastide<\/title>\n<meta name=\"robots\" content=\"index, follow, max-snippet:-1, max-image-preview:large, max-video-preview:-1\" \/>\n<link rel=\"canonical\" href=\"https:\/\/labastide.info\/fr\/contact\/\" \/>\n<meta property=\"og:locale\" content=\"fr_FR\" \/>\n<meta property=\"og:type\" content=\"article\" \/>\n<meta property=\"og:title\" content=\"CONTACT\" \/>\n<meta property=\"og:description\" content=\"Contact Nous sommes impatients de recevoir de tes nouvelles. Si tu as des questions, des id\u00e9es, des souhaits ou des r\u00eaves, partage-les avec nous ! Lieu Indication pour l&#8217;arriv\u00e9e avec GPS S&#8217;il te pla\u00eet, indique d&#8217;abord \u00ab Puycalvel (Tarn) \u00bb. Entre dans le syst\u00e8me de navigation &#8211; et non pas pas directement notre adresse. C&#8217;est [&hellip;]\" \/>\n<meta property=\"og:url\" content=\"https:\/\/labastide.info\/fr\/contact\/\" \/>\n<meta property=\"og:site_name\" content=\"La Bastide\" \/>\n<meta property=\"article:publisher\" content=\"https:\/\/www.facebook.com\/profile.php?id=61559946487956&amp;locale=de_DE\" \/>\n<meta property=\"article:modified_time\" content=\"2025-10-17T09:08:45+00:00\" \/>\n<meta property=\"og:image\" content=\"https:\/\/labastide.info\/wp-content\/uploads\/2024\/05\/Dronenfotos_-10-scaled.webp\" \/>\n\t<meta property=\"og:image:width\" content=\"1920\" \/>\n\t<meta property=\"og:image:height\" content=\"600\" \/>\n\t<meta property=\"og:image:type\" content=\"image\/webp\" \/>\n<meta name=\"twitter:card\" content=\"summary_large_image\" \/>\n<meta name=\"twitter:label1\" content=\"Dur\u00e9e de lecture estim\u00e9e\" \/>\n\t<meta name=\"twitter:data1\" content=\"1 minute\" \/>\n<script type=\"application\/ld+json\" class=\"yoast-schema-graph\">{\"@context\":\"https:\\\/\\\/schema.org\",\"@graph\":[{\"@type\":\"WebPage\",\"@id\":\"https:\\\/\\\/labastide.info\\\/fr\\\/contact\\\/\",\"url\":\"https:\\\/\\\/labastide.info\\\/fr\\\/contact\\\/\",\"name\":\"CONTACT - La Bastide\",\"isPartOf\":{\"@id\":\"https:\\\/\\\/labastide.info\\\/fr\\\/#website\"},\"primaryImageOfPage\":{\"@id\":\"https:\\\/\\\/labastide.info\\\/fr\\\/contact\\\/#primaryimage\"},\"image\":{\"@id\":\"https:\\\/\\\/labastide.info\\\/fr\\\/contact\\\/#primaryimage\"},\"thumbnailUrl\":\"https:\\\/\\\/labastide.info\\\/wp-content\\\/uploads\\\/2024\\\/05\\\/Dronenfotos_-10-scaled.webp\",\"datePublished\":\"2022-08-01T15:01:23+00:00\",\"dateModified\":\"2025-10-17T09:08:45+00:00\",\"breadcrumb\":{\"@id\":\"https:\\\/\\\/labastide.info\\\/fr\\\/contact\\\/#breadcrumb\"},\"inLanguage\":\"fr-FR\",\"potentialAction\":[{\"@type\":\"ReadAction\",\"target\":[\"https:\\\/\\\/labastide.info\\\/fr\\\/contact\\\/\"]}]},{\"@type\":\"ImageObject\",\"inLanguage\":\"fr-FR\",\"@id\":\"https:\\\/\\\/labastide.info\\\/fr\\\/contact\\\/#primaryimage\",\"url\":\"https:\\\/\\\/labastide.info\\\/wp-content\\\/uploads\\\/2024\\\/05\\\/Dronenfotos_-10-scaled.webp\",\"contentUrl\":\"https:\\\/\\\/labastide.info\\\/wp-content\\\/uploads\\\/2024\\\/05\\\/Dronenfotos_-10-scaled.webp\"},{\"@type\":\"BreadcrumbList\",\"@id\":\"https:\\\/\\\/labastide.info\\\/fr\\\/contact\\\/#breadcrumb\",\"itemListElement\":[{\"@type\":\"ListItem\",\"position\":1,\"name\":\"Page d'accueil\",\"item\":\"https:\\\/\\\/labastide.info\\\/fr\\\/depart\\\/\"},{\"@type\":\"ListItem\",\"position\":2,\"name\":\"CONTACT\"}]},{\"@type\":\"WebSite\",\"@id\":\"https:\\\/\\\/labastide.info\\\/fr\\\/#website\",\"url\":\"https:\\\/\\\/labastide.info\\\/fr\\\/\",\"name\":\"La Bastide\",\"description\":\"Retour aux sources\\n\",\"publisher\":{\"@id\":\"https:\\\/\\\/labastide.info\\\/fr\\\/#organization\"},\"potentialAction\":[{\"@type\":\"SearchAction\",\"target\":{\"@type\":\"EntryPoint\",\"urlTemplate\":\"https:\\\/\\\/labastide.info\\\/fr\\\/?s={search_term_string}\"},\"query-input\":{\"@type\":\"PropertyValueSpecification\",\"valueRequired\":true,\"valueName\":\"search_term_string\"}}],\"inLanguage\":\"fr-FR\"},{\"@type\":\"Organization\",\"@id\":\"https:\\\/\\\/labastide.info\\\/fr\\\/#organization\",\"name\":\"La Bastide\",\"url\":\"https:\\\/\\\/labastide.info\\\/fr\\\/\",\"logo\":{\"@type\":\"ImageObject\",\"inLanguage\":\"fr-FR\",\"@id\":\"https:\\\/\\\/labastide.info\\\/fr\\\/#\\\/schema\\\/logo\\\/image\\\/\",\"url\":\"https:\\\/\\\/labastide.info\\\/wp-content\\\/uploads\\\/2022\\\/08\\\/Logo-La-Bastide.webp\",\"contentUrl\":\"https:\\\/\\\/labastide.info\\\/wp-content\\\/uploads\\\/2022\\\/08\\\/Logo-La-Bastide.webp\",\"width\":1748,\"height\":591,\"caption\":\"La Bastide\"},\"image\":{\"@id\":\"https:\\\/\\\/labastide.info\\\/fr\\\/#\\\/schema\\\/logo\\\/image\\\/\"},\"sameAs\":[\"https:\\\/\\\/www.facebook.com\\\/profile.php?id=61559946487956&locale=de_DE\"]}]}<\/script>\n<!-- \/ Yoast SEO Premium plugin. -->","yoast_head_json":{"title":"CONTACT - La Bastide","robots":{"index":"index","follow":"follow","max-snippet":"max-snippet:-1","max-image-preview":"max-image-preview:large","max-video-preview":"max-video-preview:-1"},"canonical":"https:\/\/labastide.info\/fr\/contact\/","og_locale":"fr_FR","og_type":"article","og_title":"CONTACT","og_description":"Contact Nous sommes impatients de recevoir de tes nouvelles. Si tu as des questions, des id\u00e9es, des souhaits ou des r\u00eaves, partage-les avec nous ! Lieu Indication pour l&#8217;arriv\u00e9e avec GPS S&#8217;il te pla\u00eet, indique d&#8217;abord \u00ab Puycalvel (Tarn) \u00bb. Entre dans le syst\u00e8me de navigation &#8211; et non pas pas directement notre adresse. C&#8217;est [&hellip;]","og_url":"https:\/\/labastide.info\/fr\/contact\/","og_site_name":"La Bastide","article_publisher":"https:\/\/www.facebook.com\/profile.php?id=61559946487956&locale=de_DE","article_modified_time":"2025-10-17T09:08:45+00:00","og_image":[{"width":1920,"height":600,"url":"https:\/\/labastide.info\/wp-content\/uploads\/2024\/05\/Dronenfotos_-10-scaled.webp","type":"image\/webp"}],"twitter_card":"summary_large_image","twitter_misc":{"Dur\u00e9e de lecture estim\u00e9e":"1 minute"},"schema":{"@context":"https:\/\/schema.org","@graph":[{"@type":"WebPage","@id":"https:\/\/labastide.info\/fr\/contact\/","url":"https:\/\/labastide.info\/fr\/contact\/","name":"CONTACT - La Bastide","isPartOf":{"@id":"https:\/\/labastide.info\/fr\/#website"},"primaryImageOfPage":{"@id":"https:\/\/labastide.info\/fr\/contact\/#primaryimage"},"image":{"@id":"https:\/\/labastide.info\/fr\/contact\/#primaryimage"},"thumbnailUrl":"https:\/\/labastide.info\/wp-content\/uploads\/2024\/05\/Dronenfotos_-10-scaled.webp","datePublished":"2022-08-01T15:01:23+00:00","dateModified":"2025-10-17T09:08:45+00:00","breadcrumb":{"@id":"https:\/\/labastide.info\/fr\/contact\/#breadcrumb"},"inLanguage":"fr-FR","potentialAction":[{"@type":"ReadAction","target":["https:\/\/labastide.info\/fr\/contact\/"]}]},{"@type":"ImageObject","inLanguage":"fr-FR","@id":"https:\/\/labastide.info\/fr\/contact\/#primaryimage","url":"https:\/\/labastide.info\/wp-content\/uploads\/2024\/05\/Dronenfotos_-10-scaled.webp","contentUrl":"https:\/\/labastide.info\/wp-content\/uploads\/2024\/05\/Dronenfotos_-10-scaled.webp"},{"@type":"BreadcrumbList","@id":"https:\/\/labastide.info\/fr\/contact\/#breadcrumb","itemListElement":[{"@type":"ListItem","position":1,"name":"Page d'accueil","item":"https:\/\/labastide.info\/fr\/depart\/"},{"@type":"ListItem","position":2,"name":"CONTACT"}]},{"@type":"WebSite","@id":"https:\/\/labastide.info\/fr\/#website","url":"https:\/\/labastide.info\/fr\/","name":"La Bastide","description":"Retour aux sources\n","publisher":{"@id":"https:\/\/labastide.info\/fr\/#organization"},"potentialAction":[{"@type":"SearchAction","target":{"@type":"EntryPoint","urlTemplate":"https:\/\/labastide.info\/fr\/?s={search_term_string}"},"query-input":{"@type":"PropertyValueSpecification","valueRequired":true,"valueName":"search_term_string"}}],"inLanguage":"fr-FR"},{"@type":"Organization","@id":"https:\/\/labastide.info\/fr\/#organization","name":"La Bastide","url":"https:\/\/labastide.info\/fr\/","logo":{"@type":"ImageObject","inLanguage":"fr-FR","@id":"https:\/\/labastide.info\/fr\/#\/schema\/logo\/image\/","url":"https:\/\/labastide.info\/wp-content\/uploads\/2022\/08\/Logo-La-Bastide.webp","contentUrl":"https:\/\/labastide.info\/wp-content\/uploads\/2022\/08\/Logo-La-Bastide.webp","width":1748,"height":591,"caption":"La Bastide"},"image":{"@id":"https:\/\/labastide.info\/fr\/#\/schema\/logo\/image\/"},"sameAs":["https:\/\/www.facebook.com\/profile.php?id=61559946487956&locale=de_DE"]}]}},"_links":{"self":[{"href":"https:\/\/labastide.info\/fr\/wp-json\/wp\/v2\/pages\/10368","targetHints":{"allow":["GET"]}}],"collection":[{"href":"https:\/\/labastide.info\/fr\/wp-json\/wp\/v2\/pages"}],"about":[{"href":"https:\/\/labastide.info\/fr\/wp-json\/wp\/v2\/types\/page"}],"author":[{"embeddable":true,"href":"https:\/\/labastide.info\/fr\/wp-json\/wp\/v2\/users\/2"}],"replies":[{"embeddable":true,"href":"https:\/\/labastide.info\/fr\/wp-json\/wp\/v2\/comments?post=10368"}],"version-history":[{"count":6,"href":"https:\/\/labastide.info\/fr\/wp-json\/wp\/v2\/pages\/10368\/revisions"}],"predecessor-version":[{"id":33075,"href":"https:\/\/labastide.info\/fr\/wp-json\/wp\/v2\/pages\/10368\/revisions\/33075"}],"wp:attachment":[{"href":"https:\/\/labastide.info\/fr\/wp-json\/wp\/v2\/media?parent=10368"}],"wp:term":[{"taxonomy":"folder","embeddable":true,"href":"https:\/\/labastide.info\/fr\/wp-json\/wp\/v2\/folder?post=10368"}],"curies":[{"name":"wp","href":"https:\/\/api.w.org\/{rel}","templated":true}]}}