{"id":11089,"date":"2022-08-01T15:04:51","date_gmt":"2022-08-01T15:04:51","guid":{"rendered":"https:\/\/labastide.info\/impressum\/"},"modified":"2024-07-23T19:30:54","modified_gmt":"2024-07-23T19:30:54","slug":"impressum","status":"publish","type":"page","link":"https:\/\/labastide.info\/fr\/impressum\/","title":{"rendered":"IMPRESSUM"},"content":{"rendered":"\t\t<div data-elementor-type=\"wp-page\" data-elementor-id=\"11089\" class=\"elementor elementor-11089 elementor-198\" data-elementor-post-type=\"page\">\n\t\t\t\t\t\t<section class=\"elementor-section elementor-top-section elementor-element elementor-element-3d3b7e92 elementor-section-boxed elementor-section-height-default elementor-section-height-default\" data-id=\"3d3b7e92\" data-element_type=\"section\" data-e-type=\"section\">\n\t\t\t\t\t\t<div class=\"elementor-container elementor-column-gap-default\">\n\t\t\t\t\t<div class=\"elementor-column elementor-col-100 elementor-top-column elementor-element elementor-element-6a38ec57\" data-id=\"6a38ec57\" data-element_type=\"column\" data-e-type=\"column\">\n\t\t\t<div class=\"elementor-widget-wrap elementor-element-populated\">\n\t\t\t\t\t\t<div class=\"elementor-element elementor-element-1c278aac elementor-widget elementor-widget-image\" data-id=\"1c278aac\" data-element_type=\"widget\" data-e-type=\"widget\" data-widget_type=\"image.default\">\n\t\t\t\t<div class=\"elementor-widget-container\">\n\t\t\t\t\t\t\t\t\t\t\t\t\t\t\t<img decoding=\"async\" src=\"https:\/\/labastide.info\/wp-content\/uploads\/2022\/08\/placeholder-4.png\" title=\"\" alt=\"\" loading=\"lazy\" \/>\t\t\t\t\t\t\t\t\t\t\t\t\t\t\t<\/div>\n\t\t\t\t<\/div>\n\t\t\t\t\t<\/div>\n\t\t<\/div>\n\t\t\t\t\t<\/div>\n\t\t<\/section>\n\t\t\t\t<section class=\"elementor-section elementor-top-section elementor-element elementor-element-5e51857f elementor-section-boxed elementor-section-height-default elementor-section-height-default\" data-id=\"5e51857f\" data-element_type=\"section\" data-e-type=\"section\">\n\t\t\t\t\t\t<div class=\"elementor-container elementor-column-gap-default\">\n\t\t\t\t\t<div class=\"elementor-column elementor-col-50 elementor-top-column elementor-element elementor-element-6e8409c6\" data-id=\"6e8409c6\" data-element_type=\"column\" data-e-type=\"column\">\n\t\t\t<div class=\"elementor-widget-wrap elementor-element-populated\">\n\t\t\t\t\t\t<div class=\"elementor-element elementor-element-650406df elementor-widget elementor-widget-spacer\" data-id=\"650406df\" data-element_type=\"widget\" data-e-type=\"widget\" data-widget_type=\"spacer.default\">\n\t\t\t\t<div class=\"elementor-widget-container\">\n\t\t\t\t\t\t\t<div class=\"elementor-spacer\">\n\t\t\t<div class=\"elementor-spacer-inner\"><\/div>\n\t\t<\/div>\n\t\t\t\t\t\t<\/div>\n\t\t\t\t<\/div>\n\t\t\t\t\t<\/div>\n\t\t<\/div>\n\t\t\t\t<div class=\"elementor-column elementor-col-50 elementor-top-column elementor-element elementor-element-44901772\" data-id=\"44901772\" data-element_type=\"column\" data-e-type=\"column\">\n\t\t\t<div class=\"elementor-widget-wrap elementor-element-populated\">\n\t\t\t\t\t\t<div class=\"elementor-element elementor-element-4f868a63 elementor-widget elementor-widget-spacer\" data-id=\"4f868a63\" data-element_type=\"widget\" data-e-type=\"widget\" data-widget_type=\"spacer.default\">\n\t\t\t\t<div class=\"elementor-widget-container\">\n\t\t\t\t\t\t\t<div class=\"elementor-spacer\">\n\t\t\t<div class=\"elementor-spacer-inner\"><\/div>\n\t\t<\/div>\n\t\t\t\t\t\t<\/div>\n\t\t\t\t<\/div>\n\t\t\t\t\t<\/div>\n\t\t<\/div>\n\t\t\t\t\t<\/div>\n\t\t<\/section>\n\t\t\t\t<section class=\"elementor-section elementor-top-section elementor-element elementor-element-29c3e30b elementor-section-boxed elementor-section-height-default elementor-section-height-default\" data-id=\"29c3e30b\" data-element_type=\"section\" data-e-type=\"section\" data-settings=\"{&quot;background_background&quot;:&quot;classic&quot;}\">\n\t\t\t\t\t\t<div class=\"elementor-container elementor-column-gap-default\">\n\t\t\t\t\t<div class=\"elementor-column elementor-col-100 elementor-top-column elementor-element elementor-element-7ff9c79\" data-id=\"7ff9c79\" data-element_type=\"column\" data-e-type=\"column\">\n\t\t\t<div class=\"elementor-widget-wrap elementor-element-populated\">\n\t\t\t\t\t\t<div class=\"elementor-element elementor-element-3135cfbd elementor-widget elementor-widget-heading\" data-id=\"3135cfbd\" data-element_type=\"widget\" data-e-type=\"widget\" data-widget_type=\"heading.default\">\n\t\t\t\t<div class=\"elementor-widget-container\">\n\t\t\t\t\t<h2 class=\"elementor-heading-title elementor-size-large\">Mentions l\u00e9gales<\/h2>\t\t\t\t<\/div>\n\t\t\t\t<\/div>\n\t\t\t\t<div class=\"elementor-element elementor-element-11effe71 elementor-widget elementor-widget-text-editor\" data-id=\"11effe71\" data-element_type=\"widget\" data-e-type=\"widget\" data-widget_type=\"text-editor.default\">\n\t\t\t\t<div class=\"elementor-widget-container\">\n\t\t\t\t\t\t\t\t\t<p>Michaela Oertli &amp; Peter Escher<\/p>\n<div>\n<div><span>S.A.R.L. LABASTIDE<\/span><\/div>\n<div><span>141 ROUTE DE LA BASTIDE<\/span><\/div>\n<div><span>F-81440 PUYCALVEL<\/span><\/div>\n<div><span><br><\/span><\/div>\n<\/div>\n<div><p><span>IBAN : <\/span><span>FR76 1120 6200 4501 1190 0006 406 \/ <\/span><span>SWIFT : <\/span><span>AGRIFRPP812<\/span><\/p>\n<div>\n<div><span style=\"background-color: var( --e-global-color-primary ); font-family: var( --e-global-typography-text-font-family ), Sans-serif; font-size: var( --e-global-typography-text-font-size ); font-style: var( --e-global-typography-text-font-style ); font-weight: var( --e-global-typography-text-font-weight ); letter-spacing: var( --e-global-typography-text-letter-spacing );\">Siret du si\u00e8ge : 92968269800014 \/ Num\u00e9ro TVA : FR25929682698<\/span><\/div>\n<\/div>\n<\/div>\n<div>&nbsp;<\/div>\n<p>G\u00e9rants autoris\u00e9s \u00e0 repr\u00e9senter : Michaela Oertli &amp; Peter Escher<\/p>\n<p><br><\/p>\n<p><span style=\"color: #fdf1e2;\"><a style=\"color: #fdf1e2;\" href=\"http:\/\/www.eschercoaching.ch\" target=\"_blank\" rel=\"noopener\">Photographe : Peter Escher&nbsp;<\/a><\/span><a href=\"https:\/\/www.peterescher.ch\" target=\"_blank\" style=\"font-family: var( --e-global-typography-text-font-family ), Sans-serif; font-size: var( --e-global-typography-text-font-size ); font-style: var( --e-global-typography-text-font-style ); font-weight: var( --e-global-typography-text-font-weight ); letter-spacing: var( --e-global-typography-text-letter-spacing );\">www.peterescher.ch<\/a><\/p><p>Photographe : Celine Deligey&nbsp;<b style=\"color: rgb(102, 102, 102); font-family: Candara, Optima, sans-serif; font-size: 12pt; caret-color: rgb(0, 0, 0); background-color: var( --e-global-color-primary ); font-style: var( --e-global-typography-text-font-style ); letter-spacing: var( --e-global-typography-text-letter-spacing );\"><a href=\"http:\/\/www.celinedeligey.com\/\">www.celinedeligey.com<\/a><\/b><\/p>\n<p>Conception et programmation du site web : Peter Escher<\/p>\n<p>Contenu : Michalela Oertli &amp; Peter Escher<\/p>\t\t\t\t\t\t\t\t<\/div>\n\t\t\t\t<\/div>\n\t\t\t\t\t<\/div>\n\t\t<\/div>\n\t\t\t\t\t<\/div>\n\t\t<\/section>\n\t\t\t\t<\/div>\n\t\t","protected":false},"excerpt":{"rendered":"<p>Mentions l\u00e9gales Michaela Oertli &amp; Peter Escher S.A.R.L. LABASTIDE 141 ROUTE DE LA BASTIDE F-81440 PUYCALVEL IBAN : FR76 1120 6200 4501 1190 0006 406 \/ SWIFT : AGRIFRPP812 Siret du si\u00e8ge : 92968269800014 \/ Num\u00e9ro TVA : FR25929682698 &nbsp; G\u00e9rants autoris\u00e9s \u00e0 repr\u00e9senter : Michaela Oertli &amp; Peter Escher Photographe : Peter Escher&nbsp;www.peterescher.ch Photographe [&hellip;]<\/p>\n","protected":false},"author":2,"featured_media":0,"parent":0,"menu_order":0,"comment_status":"closed","ping_status":"closed","template":"elementor_header_footer","meta":{"_mo_disable_npp":"","footnotes":""},"folder":[23],"class_list":["post-11089","page","type-page","status-publish","hentry"],"yoast_head":"<!-- This site is optimized with the Yoast SEO Premium plugin v25.8 (Yoast SEO v27.4) - https:\/\/yoast.com\/product\/yoast-seo-premium-wordpress\/ -->\n<title>IMPRESSUM - La Bastide<\/title>\n<meta name=\"robots\" content=\"index, follow, max-snippet:-1, max-image-preview:large, max-video-preview:-1\" \/>\n<link rel=\"canonical\" href=\"https:\/\/labastide.info\/fr\/impressum\/\" \/>\n<meta property=\"og:locale\" content=\"fr_FR\" \/>\n<meta property=\"og:type\" content=\"article\" \/>\n<meta property=\"og:title\" content=\"IMPRESSUM\" \/>\n<meta property=\"og:description\" content=\"Mentions l\u00e9gales Michaela Oertli &amp; Peter Escher S.A.R.L. LABASTIDE 141 ROUTE DE LA BASTIDE F-81440 PUYCALVEL IBAN : FR76 1120 6200 4501 1190 0006 406 \/ SWIFT : AGRIFRPP812 Siret du si\u00e8ge : 92968269800014 \/ Num\u00e9ro TVA : FR25929682698 &nbsp; G\u00e9rants autoris\u00e9s \u00e0 repr\u00e9senter : Michaela Oertli &amp; Peter Escher Photographe : Peter Escher&nbsp;www.peterescher.ch Photographe [&hellip;]\" \/>\n<meta property=\"og:url\" content=\"https:\/\/labastide.info\/fr\/impressum\/\" \/>\n<meta property=\"og:site_name\" content=\"La Bastide\" \/>\n<meta property=\"article:publisher\" content=\"https:\/\/www.facebook.com\/profile.php?id=61559946487956&amp;locale=de_DE\" \/>\n<meta property=\"article:modified_time\" content=\"2024-07-23T19:30:54+00:00\" \/>\n<meta property=\"og:image\" content=\"https:\/\/labastide.info\/wp-content\/uploads\/2022\/08\/placeholder-4.png\" \/>\n<meta name=\"twitter:card\" content=\"summary_large_image\" \/>\n<script type=\"application\/ld+json\" class=\"yoast-schema-graph\">{\"@context\":\"https:\\\/\\\/schema.org\",\"@graph\":[{\"@type\":\"WebPage\",\"@id\":\"https:\\\/\\\/labastide.info\\\/fr\\\/impressum\\\/\",\"url\":\"https:\\\/\\\/labastide.info\\\/fr\\\/impressum\\\/\",\"name\":\"IMPRESSUM - La Bastide\",\"isPartOf\":{\"@id\":\"https:\\\/\\\/labastide.info\\\/fr\\\/#website\"},\"primaryImageOfPage\":{\"@id\":\"https:\\\/\\\/labastide.info\\\/fr\\\/impressum\\\/#primaryimage\"},\"image\":{\"@id\":\"https:\\\/\\\/labastide.info\\\/fr\\\/impressum\\\/#primaryimage\"},\"thumbnailUrl\":\"https:\\\/\\\/labastide.info\\\/wp-content\\\/uploads\\\/2022\\\/08\\\/placeholder-4.png\",\"datePublished\":\"2022-08-01T15:04:51+00:00\",\"dateModified\":\"2024-07-23T19:30:54+00:00\",\"breadcrumb\":{\"@id\":\"https:\\\/\\\/labastide.info\\\/fr\\\/impressum\\\/#breadcrumb\"},\"inLanguage\":\"fr-FR\",\"potentialAction\":[{\"@type\":\"ReadAction\",\"target\":[\"https:\\\/\\\/labastide.info\\\/fr\\\/impressum\\\/\"]}]},{\"@type\":\"ImageObject\",\"inLanguage\":\"fr-FR\",\"@id\":\"https:\\\/\\\/labastide.info\\\/fr\\\/impressum\\\/#primaryimage\",\"url\":\"https:\\\/\\\/labastide.info\\\/wp-content\\\/uploads\\\/2022\\\/08\\\/placeholder-4.png\",\"contentUrl\":\"https:\\\/\\\/labastide.info\\\/wp-content\\\/uploads\\\/2022\\\/08\\\/placeholder-4.png\"},{\"@type\":\"BreadcrumbList\",\"@id\":\"https:\\\/\\\/labastide.info\\\/fr\\\/impressum\\\/#breadcrumb\",\"itemListElement\":[{\"@type\":\"ListItem\",\"position\":1,\"name\":\"Page d'accueil\",\"item\":\"https:\\\/\\\/labastide.info\\\/fr\\\/depart\\\/\"},{\"@type\":\"ListItem\",\"position\":2,\"name\":\"IMPRESSUM\"}]},{\"@type\":\"WebSite\",\"@id\":\"https:\\\/\\\/labastide.info\\\/fr\\\/#website\",\"url\":\"https:\\\/\\\/labastide.info\\\/fr\\\/\",\"name\":\"La Bastide\",\"description\":\"Retour aux sources\\n\",\"publisher\":{\"@id\":\"https:\\\/\\\/labastide.info\\\/fr\\\/#organization\"},\"potentialAction\":[{\"@type\":\"SearchAction\",\"target\":{\"@type\":\"EntryPoint\",\"urlTemplate\":\"https:\\\/\\\/labastide.info\\\/fr\\\/?s={search_term_string}\"},\"query-input\":{\"@type\":\"PropertyValueSpecification\",\"valueRequired\":true,\"valueName\":\"search_term_string\"}}],\"inLanguage\":\"fr-FR\"},{\"@type\":\"Organization\",\"@id\":\"https:\\\/\\\/labastide.info\\\/fr\\\/#organization\",\"name\":\"La Bastide\",\"url\":\"https:\\\/\\\/labastide.info\\\/fr\\\/\",\"logo\":{\"@type\":\"ImageObject\",\"inLanguage\":\"fr-FR\",\"@id\":\"https:\\\/\\\/labastide.info\\\/fr\\\/#\\\/schema\\\/logo\\\/image\\\/\",\"url\":\"https:\\\/\\\/labastide.info\\\/wp-content\\\/uploads\\\/2022\\\/08\\\/Logo-La-Bastide.webp\",\"contentUrl\":\"https:\\\/\\\/labastide.info\\\/wp-content\\\/uploads\\\/2022\\\/08\\\/Logo-La-Bastide.webp\",\"width\":1748,\"height\":591,\"caption\":\"La Bastide\"},\"image\":{\"@id\":\"https:\\\/\\\/labastide.info\\\/fr\\\/#\\\/schema\\\/logo\\\/image\\\/\"},\"sameAs\":[\"https:\\\/\\\/www.facebook.com\\\/profile.php?id=61559946487956&locale=de_DE\"]}]}<\/script>\n<!-- \/ Yoast SEO Premium plugin. -->","yoast_head_json":{"title":"IMPRESSUM - La Bastide","robots":{"index":"index","follow":"follow","max-snippet":"max-snippet:-1","max-image-preview":"max-image-preview:large","max-video-preview":"max-video-preview:-1"},"canonical":"https:\/\/labastide.info\/fr\/impressum\/","og_locale":"fr_FR","og_type":"article","og_title":"IMPRESSUM","og_description":"Mentions l\u00e9gales Michaela Oertli &amp; Peter Escher S.A.R.L. LABASTIDE 141 ROUTE DE LA BASTIDE F-81440 PUYCALVEL IBAN : FR76 1120 6200 4501 1190 0006 406 \/ SWIFT : AGRIFRPP812 Siret du si\u00e8ge : 92968269800014 \/ Num\u00e9ro TVA : FR25929682698 &nbsp; G\u00e9rants autoris\u00e9s \u00e0 repr\u00e9senter : Michaela Oertli &amp; Peter Escher Photographe : Peter Escher&nbsp;www.peterescher.ch Photographe [&hellip;]","og_url":"https:\/\/labastide.info\/fr\/impressum\/","og_site_name":"La Bastide","article_publisher":"https:\/\/www.facebook.com\/profile.php?id=61559946487956&locale=de_DE","article_modified_time":"2024-07-23T19:30:54+00:00","og_image":[{"url":"https:\/\/labastide.info\/wp-content\/uploads\/2022\/08\/placeholder-4.png","type":"","width":"","height":""}],"twitter_card":"summary_large_image","schema":{"@context":"https:\/\/schema.org","@graph":[{"@type":"WebPage","@id":"https:\/\/labastide.info\/fr\/impressum\/","url":"https:\/\/labastide.info\/fr\/impressum\/","name":"IMPRESSUM - La Bastide","isPartOf":{"@id":"https:\/\/labastide.info\/fr\/#website"},"primaryImageOfPage":{"@id":"https:\/\/labastide.info\/fr\/impressum\/#primaryimage"},"image":{"@id":"https:\/\/labastide.info\/fr\/impressum\/#primaryimage"},"thumbnailUrl":"https:\/\/labastide.info\/wp-content\/uploads\/2022\/08\/placeholder-4.png","datePublished":"2022-08-01T15:04:51+00:00","dateModified":"2024-07-23T19:30:54+00:00","breadcrumb":{"@id":"https:\/\/labastide.info\/fr\/impressum\/#breadcrumb"},"inLanguage":"fr-FR","potentialAction":[{"@type":"ReadAction","target":["https:\/\/labastide.info\/fr\/impressum\/"]}]},{"@type":"ImageObject","inLanguage":"fr-FR","@id":"https:\/\/labastide.info\/fr\/impressum\/#primaryimage","url":"https:\/\/labastide.info\/wp-content\/uploads\/2022\/08\/placeholder-4.png","contentUrl":"https:\/\/labastide.info\/wp-content\/uploads\/2022\/08\/placeholder-4.png"},{"@type":"BreadcrumbList","@id":"https:\/\/labastide.info\/fr\/impressum\/#breadcrumb","itemListElement":[{"@type":"ListItem","position":1,"name":"Page d'accueil","item":"https:\/\/labastide.info\/fr\/depart\/"},{"@type":"ListItem","position":2,"name":"IMPRESSUM"}]},{"@type":"WebSite","@id":"https:\/\/labastide.info\/fr\/#website","url":"https:\/\/labastide.info\/fr\/","name":"La Bastide","description":"Retour aux sources\n","publisher":{"@id":"https:\/\/labastide.info\/fr\/#organization"},"potentialAction":[{"@type":"SearchAction","target":{"@type":"EntryPoint","urlTemplate":"https:\/\/labastide.info\/fr\/?s={search_term_string}"},"query-input":{"@type":"PropertyValueSpecification","valueRequired":true,"valueName":"search_term_string"}}],"inLanguage":"fr-FR"},{"@type":"Organization","@id":"https:\/\/labastide.info\/fr\/#organization","name":"La Bastide","url":"https:\/\/labastide.info\/fr\/","logo":{"@type":"ImageObject","inLanguage":"fr-FR","@id":"https:\/\/labastide.info\/fr\/#\/schema\/logo\/image\/","url":"https:\/\/labastide.info\/wp-content\/uploads\/2022\/08\/Logo-La-Bastide.webp","contentUrl":"https:\/\/labastide.info\/wp-content\/uploads\/2022\/08\/Logo-La-Bastide.webp","width":1748,"height":591,"caption":"La Bastide"},"image":{"@id":"https:\/\/labastide.info\/fr\/#\/schema\/logo\/image\/"},"sameAs":["https:\/\/www.facebook.com\/profile.php?id=61559946487956&locale=de_DE"]}]}},"_links":{"self":[{"href":"https:\/\/labastide.info\/fr\/wp-json\/wp\/v2\/pages\/11089","targetHints":{"allow":["GET"]}}],"collection":[{"href":"https:\/\/labastide.info\/fr\/wp-json\/wp\/v2\/pages"}],"about":[{"href":"https:\/\/labastide.info\/fr\/wp-json\/wp\/v2\/types\/page"}],"author":[{"embeddable":true,"href":"https:\/\/labastide.info\/fr\/wp-json\/wp\/v2\/users\/2"}],"replies":[{"embeddable":true,"href":"https:\/\/labastide.info\/fr\/wp-json\/wp\/v2\/comments?post=11089"}],"version-history":[{"count":0,"href":"https:\/\/labastide.info\/fr\/wp-json\/wp\/v2\/pages\/11089\/revisions"}],"wp:attachment":[{"href":"https:\/\/labastide.info\/fr\/wp-json\/wp\/v2\/media?parent=11089"}],"wp:term":[{"taxonomy":"folder","embeddable":true,"href":"https:\/\/labastide.info\/fr\/wp-json\/wp\/v2\/folder?post=11089"}],"curies":[{"name":"wp","href":"https:\/\/api.w.org\/{rel}","templated":true}]}}