{"id":12106,"date":"2024-10-16T13:11:12","date_gmt":"2024-10-16T13:11:12","guid":{"rendered":"https:\/\/labastide.info\/bienvenue-a-la-newsletter\/"},"modified":"2024-10-31T20:24:16","modified_gmt":"2024-10-31T20:24:16","slug":"bienvenue-a-la-newsletter","status":"publish","type":"page","link":"https:\/\/labastide.info\/fr\/bienvenue-a-la-newsletter\/","title":{"rendered":"Bienvenue \u00e0 la newsletter"},"content":{"rendered":"\t\t<div data-elementor-type=\"wp-page\" data-elementor-id=\"12106\" class=\"elementor elementor-12106 elementor-11856\" data-elementor-post-type=\"page\">\n\t\t\t\t<div class=\"elementor-element elementor-element-b87e7ed e-con-full e-flex e-con e-parent\" data-id=\"b87e7ed\" data-element_type=\"container\" data-e-type=\"container\">\n\t\t\t\t<div class=\"elementor-element elementor-element-c6aabe3 elementor-widget elementor-widget-image\" data-id=\"c6aabe3\" data-element_type=\"widget\" data-e-type=\"widget\" data-widget_type=\"image.default\">\n\t\t\t\t<div class=\"elementor-widget-container\">\n\t\t\t\t\t\t\t\t\t\t\t\t\t\t\t<img fetchpriority=\"high\" decoding=\"async\" width=\"1920\" height=\"600\" src=\"https:\/\/labastide.info\/wp-content\/uploads\/2024\/06\/GRUPPEN_BANNER.jpg\" class=\"attachment-full size-full wp-image-10400\" alt=\"\" srcset=\"https:\/\/labastide.info\/wp-content\/uploads\/2024\/06\/GRUPPEN_BANNER.jpg 1920w, https:\/\/labastide.info\/wp-content\/uploads\/2024\/06\/GRUPPEN_BANNER-300x94.jpg 300w, https:\/\/labastide.info\/wp-content\/uploads\/2024\/06\/GRUPPEN_BANNER-1024x320.jpg 1024w, https:\/\/labastide.info\/wp-content\/uploads\/2024\/06\/GRUPPEN_BANNER-768x240.jpg 768w, https:\/\/labastide.info\/wp-content\/uploads\/2024\/06\/GRUPPEN_BANNER-1536x480.jpg 1536w\" sizes=\"(max-width: 1920px) 100vw, 1920px\" \/>\t\t\t\t\t\t\t\t\t\t\t\t\t\t\t<\/div>\n\t\t\t\t<\/div>\n\t\t\t\t<\/div>\n\t\t<div class=\"elementor-element elementor-element-4418b5d e-flex e-con-boxed e-con e-parent\" data-id=\"4418b5d\" data-element_type=\"container\" data-e-type=\"container\">\n\t\t\t\t\t<div class=\"e-con-inner\">\n\t\t\t\t<div class=\"elementor-element elementor-element-5ca4cad elementor-widget elementor-widget-spacer\" data-id=\"5ca4cad\" data-element_type=\"widget\" data-e-type=\"widget\" data-widget_type=\"spacer.default\">\n\t\t\t\t<div class=\"elementor-widget-container\">\n\t\t\t\t\t\t\t<div class=\"elementor-spacer\">\n\t\t\t<div class=\"elementor-spacer-inner\"><\/div>\n\t\t<\/div>\n\t\t\t\t\t\t<\/div>\n\t\t\t\t<\/div>\n\t\t\t\t\t<\/div>\n\t\t\t\t<\/div>\n\t\t<div class=\"elementor-element elementor-element-1485f1b e-flex e-con-boxed e-con e-parent\" data-id=\"1485f1b\" data-element_type=\"container\" data-e-type=\"container\">\n\t\t\t\t\t<div class=\"e-con-inner\">\n\t\t\t\t<div class=\"elementor-element elementor-element-30b3bcd elementor-widget elementor-widget-heading\" data-id=\"30b3bcd\" data-element_type=\"widget\" data-e-type=\"widget\" data-widget_type=\"heading.default\">\n\t\t\t\t<div class=\"elementor-widget-container\">\n\t\t\t\t\t<h1 class=\"elementor-heading-title elementor-size-default\">Bienvenue \u00e0 toi !<\/h1>\t\t\t\t<\/div>\n\t\t\t\t<\/div>\n\t\t\t\t\t<\/div>\n\t\t\t\t<\/div>\n\t\t<div class=\"elementor-element elementor-element-350e608 e-flex e-con-boxed e-con e-parent\" data-id=\"350e608\" data-element_type=\"container\" data-e-type=\"container\">\n\t\t\t\t\t<div class=\"e-con-inner\">\n\t\t\t\t<div class=\"elementor-element elementor-element-685b16e elementor-widget elementor-widget-spacer\" data-id=\"685b16e\" data-element_type=\"widget\" data-e-type=\"widget\" data-widget_type=\"spacer.default\">\n\t\t\t\t<div class=\"elementor-widget-container\">\n\t\t\t\t\t\t\t<div class=\"elementor-spacer\">\n\t\t\t<div class=\"elementor-spacer-inner\"><\/div>\n\t\t<\/div>\n\t\t\t\t\t\t<\/div>\n\t\t\t\t<\/div>\n\t\t\t\t\t<\/div>\n\t\t\t\t<\/div>\n\t\t<div class=\"elementor-element elementor-element-869a8e3 e-flex e-con-boxed e-con e-parent\" data-id=\"869a8e3\" data-element_type=\"container\" data-e-type=\"container\">\n\t\t\t\t\t<div class=\"e-con-inner\">\n\t\t\t\t<div class=\"elementor-element elementor-element-217b167 elementor-widget elementor-widget-text-editor\" data-id=\"217b167\" data-element_type=\"widget\" data-e-type=\"widget\" data-widget_type=\"text-editor.default\">\n\t\t\t\t<div class=\"elementor-widget-container\">\n\t\t\t\t\t\t\t\t\t<p>C&#8217;est super que tu fasses partie de notre communaut\u00e9 Bastide !  <\/p>\n<p>Nous venons de t&#8217;envoyer un e-mail de confirmation pour nous assurer que tout est en ordre. Clique sur le lien dans l&#8217;e-mail pour terminer ton inscription. Si tu ne vois pas directement l&#8217;e-mail, v\u00e9rifie \u00e9galement le dossier spam par mesure de s\u00e9curit\u00e9.  <\/p>\n<p>A partir de maintenant, nous te tiendrons r\u00e9guli\u00e8rement au courant des nouveaut\u00e9s passionnantes, des conseils et des offres exclusives. Si tu as des questions ou si tu souhaites changer tes int\u00e9r\u00eats plus tard, tu peux toujours nous contacter. <\/p>\n<p>Bienvenue dans le monde de Bastide &#8211; nous sommes impatients d&#8217;\u00e9changer ensemble !<\/p>\n<p>Amiti\u00e9s<\/p>\n<p>Michaela &amp; Peter<\/p>\n\t\t\t\t\t\t\t\t<\/div>\n\t\t\t\t<\/div>\n\t\t\t\t\t<\/div>\n\t\t\t\t<\/div>\n\t\t<div class=\"elementor-element elementor-element-12ad828 e-flex e-con-boxed e-con e-parent\" data-id=\"12ad828\" data-element_type=\"container\" data-e-type=\"container\">\n\t\t\t\t\t<div class=\"e-con-inner\">\n\t\t\t\t<div class=\"elementor-element elementor-element-ad2a20b elementor-widget elementor-widget-spacer\" data-id=\"ad2a20b\" data-element_type=\"widget\" data-e-type=\"widget\" data-widget_type=\"spacer.default\">\n\t\t\t\t<div class=\"elementor-widget-container\">\n\t\t\t\t\t\t\t<div class=\"elementor-spacer\">\n\t\t\t<div class=\"elementor-spacer-inner\"><\/div>\n\t\t<\/div>\n\t\t\t\t\t\t<\/div>\n\t\t\t\t<\/div>\n\t\t\t\t\t<\/div>\n\t\t\t\t<\/div>\n\t\t\t\t<\/div>\n\t\t","protected":false},"excerpt":{"rendered":"<p>Bienvenue \u00e0 toi ! C&#8217;est super que tu fasses partie de notre communaut\u00e9 Bastide ! Nous venons de t&#8217;envoyer un e-mail de confirmation pour nous assurer que tout est en ordre. Clique sur le lien dans l&#8217;e-mail pour terminer ton inscription. Si tu ne vois pas directement l&#8217;e-mail, v\u00e9rifie \u00e9galement le dossier spam par mesure [&hellip;]<\/p>\n","protected":false},"author":2,"featured_media":0,"parent":0,"menu_order":0,"comment_status":"closed","ping_status":"closed","template":"","meta":{"_mo_disable_npp":"","footnotes":""},"folder":[],"class_list":["post-12106","page","type-page","status-publish","hentry"],"yoast_head":"<!-- This site is optimized with the Yoast SEO Premium plugin v25.8 (Yoast SEO v27.4) - https:\/\/yoast.com\/product\/yoast-seo-premium-wordpress\/ -->\n<title>Bienvenue \u00e0 la newsletter - La Bastide<\/title>\n<meta name=\"robots\" content=\"index, follow, max-snippet:-1, max-image-preview:large, max-video-preview:-1\" \/>\n<link rel=\"canonical\" href=\"https:\/\/labastide.info\/fr\/bienvenue-a-la-newsletter\/\" \/>\n<meta property=\"og:locale\" content=\"fr_FR\" \/>\n<meta property=\"og:type\" content=\"article\" \/>\n<meta property=\"og:title\" content=\"Bienvenue \u00e0 la newsletter\" \/>\n<meta property=\"og:description\" content=\"Bienvenue \u00e0 toi ! C&#8217;est super que tu fasses partie de notre communaut\u00e9 Bastide ! Nous venons de t&#8217;envoyer un e-mail de confirmation pour nous assurer que tout est en ordre. Clique sur le lien dans l&#8217;e-mail pour terminer ton inscription. Si tu ne vois pas directement l&#8217;e-mail, v\u00e9rifie \u00e9galement le dossier spam par mesure [&hellip;]\" \/>\n<meta property=\"og:url\" content=\"https:\/\/labastide.info\/fr\/bienvenue-a-la-newsletter\/\" \/>\n<meta property=\"og:site_name\" content=\"La Bastide\" \/>\n<meta property=\"article:publisher\" content=\"https:\/\/www.facebook.com\/profile.php?id=61559946487956&amp;locale=de_DE\" \/>\n<meta property=\"article:modified_time\" content=\"2024-10-31T20:24:16+00:00\" \/>\n<meta property=\"og:image\" content=\"https:\/\/labastide.info\/wp-content\/uploads\/2024\/06\/GRUPPEN_BANNER.jpg\" \/>\n<meta name=\"twitter:card\" content=\"summary_large_image\" \/>\n<meta name=\"twitter:label1\" content=\"Dur\u00e9e de lecture estim\u00e9e\" \/>\n\t<meta name=\"twitter:data1\" content=\"1 minute\" \/>\n<script type=\"application\/ld+json\" class=\"yoast-schema-graph\">{\"@context\":\"https:\\\/\\\/schema.org\",\"@graph\":[{\"@type\":\"WebPage\",\"@id\":\"https:\\\/\\\/labastide.info\\\/fr\\\/bienvenue-a-la-newsletter\\\/\",\"url\":\"https:\\\/\\\/labastide.info\\\/fr\\\/bienvenue-a-la-newsletter\\\/\",\"name\":\"Bienvenue \u00e0 la newsletter - La Bastide\",\"isPartOf\":{\"@id\":\"https:\\\/\\\/labastide.info\\\/fr\\\/#website\"},\"primaryImageOfPage\":{\"@id\":\"https:\\\/\\\/labastide.info\\\/fr\\\/bienvenue-a-la-newsletter\\\/#primaryimage\"},\"image\":{\"@id\":\"https:\\\/\\\/labastide.info\\\/fr\\\/bienvenue-a-la-newsletter\\\/#primaryimage\"},\"thumbnailUrl\":\"https:\\\/\\\/labastide.info\\\/wp-content\\\/uploads\\\/2024\\\/06\\\/GRUPPEN_BANNER.jpg\",\"datePublished\":\"2024-10-16T13:11:12+00:00\",\"dateModified\":\"2024-10-31T20:24:16+00:00\",\"breadcrumb\":{\"@id\":\"https:\\\/\\\/labastide.info\\\/fr\\\/bienvenue-a-la-newsletter\\\/#breadcrumb\"},\"inLanguage\":\"fr-FR\",\"potentialAction\":[{\"@type\":\"ReadAction\",\"target\":[\"https:\\\/\\\/labastide.info\\\/fr\\\/bienvenue-a-la-newsletter\\\/\"]}]},{\"@type\":\"ImageObject\",\"inLanguage\":\"fr-FR\",\"@id\":\"https:\\\/\\\/labastide.info\\\/fr\\\/bienvenue-a-la-newsletter\\\/#primaryimage\",\"url\":\"https:\\\/\\\/labastide.info\\\/wp-content\\\/uploads\\\/2024\\\/06\\\/GRUPPEN_BANNER.jpg\",\"contentUrl\":\"https:\\\/\\\/labastide.info\\\/wp-content\\\/uploads\\\/2024\\\/06\\\/GRUPPEN_BANNER.jpg\"},{\"@type\":\"BreadcrumbList\",\"@id\":\"https:\\\/\\\/labastide.info\\\/fr\\\/bienvenue-a-la-newsletter\\\/#breadcrumb\",\"itemListElement\":[{\"@type\":\"ListItem\",\"position\":1,\"name\":\"Page d'accueil\",\"item\":\"https:\\\/\\\/labastide.info\\\/fr\\\/depart\\\/\"},{\"@type\":\"ListItem\",\"position\":2,\"name\":\"Bienvenue \u00e0 la newsletter\"}]},{\"@type\":\"WebSite\",\"@id\":\"https:\\\/\\\/labastide.info\\\/fr\\\/#website\",\"url\":\"https:\\\/\\\/labastide.info\\\/fr\\\/\",\"name\":\"La Bastide\",\"description\":\"Retour aux sources\\n\",\"publisher\":{\"@id\":\"https:\\\/\\\/labastide.info\\\/fr\\\/#organization\"},\"potentialAction\":[{\"@type\":\"SearchAction\",\"target\":{\"@type\":\"EntryPoint\",\"urlTemplate\":\"https:\\\/\\\/labastide.info\\\/fr\\\/?s={search_term_string}\"},\"query-input\":{\"@type\":\"PropertyValueSpecification\",\"valueRequired\":true,\"valueName\":\"search_term_string\"}}],\"inLanguage\":\"fr-FR\"},{\"@type\":\"Organization\",\"@id\":\"https:\\\/\\\/labastide.info\\\/fr\\\/#organization\",\"name\":\"La Bastide\",\"url\":\"https:\\\/\\\/labastide.info\\\/fr\\\/\",\"logo\":{\"@type\":\"ImageObject\",\"inLanguage\":\"fr-FR\",\"@id\":\"https:\\\/\\\/labastide.info\\\/fr\\\/#\\\/schema\\\/logo\\\/image\\\/\",\"url\":\"https:\\\/\\\/labastide.info\\\/wp-content\\\/uploads\\\/2022\\\/08\\\/Logo-La-Bastide.webp\",\"contentUrl\":\"https:\\\/\\\/labastide.info\\\/wp-content\\\/uploads\\\/2022\\\/08\\\/Logo-La-Bastide.webp\",\"width\":1748,\"height\":591,\"caption\":\"La Bastide\"},\"image\":{\"@id\":\"https:\\\/\\\/labastide.info\\\/fr\\\/#\\\/schema\\\/logo\\\/image\\\/\"},\"sameAs\":[\"https:\\\/\\\/www.facebook.com\\\/profile.php?id=61559946487956&locale=de_DE\"]}]}<\/script>\n<!-- \/ Yoast SEO Premium plugin. -->","yoast_head_json":{"title":"Bienvenue \u00e0 la newsletter - La Bastide","robots":{"index":"index","follow":"follow","max-snippet":"max-snippet:-1","max-image-preview":"max-image-preview:large","max-video-preview":"max-video-preview:-1"},"canonical":"https:\/\/labastide.info\/fr\/bienvenue-a-la-newsletter\/","og_locale":"fr_FR","og_type":"article","og_title":"Bienvenue \u00e0 la newsletter","og_description":"Bienvenue \u00e0 toi ! C&#8217;est super que tu fasses partie de notre communaut\u00e9 Bastide ! Nous venons de t&#8217;envoyer un e-mail de confirmation pour nous assurer que tout est en ordre. Clique sur le lien dans l&#8217;e-mail pour terminer ton inscription. Si tu ne vois pas directement l&#8217;e-mail, v\u00e9rifie \u00e9galement le dossier spam par mesure [&hellip;]","og_url":"https:\/\/labastide.info\/fr\/bienvenue-a-la-newsletter\/","og_site_name":"La Bastide","article_publisher":"https:\/\/www.facebook.com\/profile.php?id=61559946487956&locale=de_DE","article_modified_time":"2024-10-31T20:24:16+00:00","og_image":[{"url":"https:\/\/labastide.info\/wp-content\/uploads\/2024\/06\/GRUPPEN_BANNER.jpg","type":"","width":"","height":""}],"twitter_card":"summary_large_image","twitter_misc":{"Dur\u00e9e de lecture estim\u00e9e":"1 minute"},"schema":{"@context":"https:\/\/schema.org","@graph":[{"@type":"WebPage","@id":"https:\/\/labastide.info\/fr\/bienvenue-a-la-newsletter\/","url":"https:\/\/labastide.info\/fr\/bienvenue-a-la-newsletter\/","name":"Bienvenue \u00e0 la newsletter - La Bastide","isPartOf":{"@id":"https:\/\/labastide.info\/fr\/#website"},"primaryImageOfPage":{"@id":"https:\/\/labastide.info\/fr\/bienvenue-a-la-newsletter\/#primaryimage"},"image":{"@id":"https:\/\/labastide.info\/fr\/bienvenue-a-la-newsletter\/#primaryimage"},"thumbnailUrl":"https:\/\/labastide.info\/wp-content\/uploads\/2024\/06\/GRUPPEN_BANNER.jpg","datePublished":"2024-10-16T13:11:12+00:00","dateModified":"2024-10-31T20:24:16+00:00","breadcrumb":{"@id":"https:\/\/labastide.info\/fr\/bienvenue-a-la-newsletter\/#breadcrumb"},"inLanguage":"fr-FR","potentialAction":[{"@type":"ReadAction","target":["https:\/\/labastide.info\/fr\/bienvenue-a-la-newsletter\/"]}]},{"@type":"ImageObject","inLanguage":"fr-FR","@id":"https:\/\/labastide.info\/fr\/bienvenue-a-la-newsletter\/#primaryimage","url":"https:\/\/labastide.info\/wp-content\/uploads\/2024\/06\/GRUPPEN_BANNER.jpg","contentUrl":"https:\/\/labastide.info\/wp-content\/uploads\/2024\/06\/GRUPPEN_BANNER.jpg"},{"@type":"BreadcrumbList","@id":"https:\/\/labastide.info\/fr\/bienvenue-a-la-newsletter\/#breadcrumb","itemListElement":[{"@type":"ListItem","position":1,"name":"Page d'accueil","item":"https:\/\/labastide.info\/fr\/depart\/"},{"@type":"ListItem","position":2,"name":"Bienvenue \u00e0 la newsletter"}]},{"@type":"WebSite","@id":"https:\/\/labastide.info\/fr\/#website","url":"https:\/\/labastide.info\/fr\/","name":"La Bastide","description":"Retour aux sources\n","publisher":{"@id":"https:\/\/labastide.info\/fr\/#organization"},"potentialAction":[{"@type":"SearchAction","target":{"@type":"EntryPoint","urlTemplate":"https:\/\/labastide.info\/fr\/?s={search_term_string}"},"query-input":{"@type":"PropertyValueSpecification","valueRequired":true,"valueName":"search_term_string"}}],"inLanguage":"fr-FR"},{"@type":"Organization","@id":"https:\/\/labastide.info\/fr\/#organization","name":"La Bastide","url":"https:\/\/labastide.info\/fr\/","logo":{"@type":"ImageObject","inLanguage":"fr-FR","@id":"https:\/\/labastide.info\/fr\/#\/schema\/logo\/image\/","url":"https:\/\/labastide.info\/wp-content\/uploads\/2022\/08\/Logo-La-Bastide.webp","contentUrl":"https:\/\/labastide.info\/wp-content\/uploads\/2022\/08\/Logo-La-Bastide.webp","width":1748,"height":591,"caption":"La Bastide"},"image":{"@id":"https:\/\/labastide.info\/fr\/#\/schema\/logo\/image\/"},"sameAs":["https:\/\/www.facebook.com\/profile.php?id=61559946487956&locale=de_DE"]}]}},"_links":{"self":[{"href":"https:\/\/labastide.info\/fr\/wp-json\/wp\/v2\/pages\/12106","targetHints":{"allow":["GET"]}}],"collection":[{"href":"https:\/\/labastide.info\/fr\/wp-json\/wp\/v2\/pages"}],"about":[{"href":"https:\/\/labastide.info\/fr\/wp-json\/wp\/v2\/types\/page"}],"author":[{"embeddable":true,"href":"https:\/\/labastide.info\/fr\/wp-json\/wp\/v2\/users\/2"}],"replies":[{"embeddable":true,"href":"https:\/\/labastide.info\/fr\/wp-json\/wp\/v2\/comments?post=12106"}],"version-history":[{"count":0,"href":"https:\/\/labastide.info\/fr\/wp-json\/wp\/v2\/pages\/12106\/revisions"}],"wp:attachment":[{"href":"https:\/\/labastide.info\/fr\/wp-json\/wp\/v2\/media?parent=12106"}],"wp:term":[{"taxonomy":"folder","embeddable":true,"href":"https:\/\/labastide.info\/fr\/wp-json\/wp\/v2\/folder?post=12106"}],"curies":[{"name":"wp","href":"https:\/\/api.w.org\/{rel}","templated":true}]}}